{"id":1825,"date":"2024-12-24T19:42:01","date_gmt":"2024-12-24T19:42:01","guid":{"rendered":"https:\/\/bossio-lawyers.com\/?page_id=1825"},"modified":"2024-12-26T15:29:48","modified_gmt":"2024-12-26T15:29:48","slug":"auditoria-y-gestion-de-la-calidad-en-salud","status":"publish","type":"page","link":"https:\/\/bossio-lawyers.com\/index.php\/auditoria-y-gestion-de-la-calidad-en-salud\/","title":{"rendered":"Auditoria y Gesti\u00f3n de la Calidad en Salud"},"content":{"rendered":"\t\t<div data-elementor-type=\"wp-page\" data-elementor-id=\"1825\" class=\"elementor elementor-1825\" data-elementor-post-type=\"page\">\n\t\t\t\t<div class=\"elementor-element elementor-element-1baa130 e-flex e-con-boxed e-con e-parent\" data-id=\"1baa130\" data-element_type=\"container\" data-settings=\"{&quot;background_background&quot;:&quot;classic&quot;}\">\n\t\t\t\t\t<div class=\"e-con-inner\">\n\t\t\t\t<div class=\"elementor-element elementor-element-2576139 elementor-widget elementor-widget-spacer\" data-id=\"2576139\" data-element_type=\"widget\" data-widget_type=\"spacer.default\">\n\t\t\t\t<div class=\"elementor-widget-container\">\n\t\t\t\t\t\t\t<div class=\"elementor-spacer\">\n\t\t\t<div class=\"elementor-spacer-inner\"><\/div>\n\t\t<\/div>\n\t\t\t\t\t\t<\/div>\n\t\t\t\t<\/div>\n\t\t\t\t\t<\/div>\n\t\t\t\t<\/div>\n\t\t<div class=\"elementor-element elementor-element-b98c023 e-flex e-con-boxed e-con e-parent\" data-id=\"b98c023\" data-element_type=\"container\" data-settings=\"{&quot;background_background&quot;:&quot;classic&quot;}\">\n\t\t\t\t\t<div class=\"e-con-inner\">\n\t\t\t\t<div class=\"elementor-element elementor-element-6130f0a2 elementor-widget elementor-widget-heading\" data-id=\"6130f0a2\" data-element_type=\"widget\" data-widget_type=\"heading.default\">\n\t\t\t\t<div class=\"elementor-widget-container\">\n\t\t\t\t\t<h2 class=\"elementor-heading-title elementor-size-default\">AUDITORIA Y GESTI\u00d3N DE LA CALIDAD EN SALUD<\/h2>\t\t\t\t<\/div>\n\t\t\t\t<\/div>\n\t\t\t\t<div class=\"elementor-element elementor-element-f80e4a8 elementor-widget elementor-widget-text-editor\" data-id=\"f80e4a8\" data-element_type=\"widget\" data-widget_type=\"text-editor.default\">\n\t\t\t\t<div class=\"elementor-widget-container\">\n\t\t\t\t\t\t\t\t\t<p><span style=\"font-weight: 400;\">En nuestra firma jur\u00eddica, entendemos que la auditor\u00eda m\u00e9dica es crucial para asegurar que los servicios de salud se presten de manera adecuada y conforme a los est\u00e1ndares y regulaciones vigentes. La auditor\u00eda m\u00e9dica no solo permite verificar la calidad de la atenci\u00f3n recibida, sino que tambi\u00e9n garantiza el cumplimiento de normativas y procedimientos en el \u00e1mbito de la salud. Nuestro compromiso es brindarte un apoyo cercano y experto para resolver cualquier inquietud relacionada con la atenci\u00f3n m\u00e9dica.<\/span><\/p>\t\t\t\t\t\t\t\t<\/div>\n\t\t\t\t<\/div>\n\t\t\t\t\t<\/div>\n\t\t\t\t<\/div>\n\t\t<div class=\"elementor-element elementor-element-4b985441 e-flex e-con-boxed e-con e-parent\" data-id=\"4b985441\" data-element_type=\"container\" data-settings=\"{&quot;background_background&quot;:&quot;classic&quot;}\">\n\t\t\t\t\t<div class=\"e-con-inner\">\n\t\t\t\t<div class=\"elementor-element elementor-element-4efa90ad elementor-widget elementor-widget-heading\" data-id=\"4efa90ad\" data-element_type=\"widget\" data-widget_type=\"heading.default\">\n\t\t\t\t<div class=\"elementor-widget-container\">\n\t\t\t\t\t<h2 class=\"elementor-heading-title elementor-size-default\">\u00bfC\u00f3mo Te Ayudamos?<\/h2>\t\t\t\t<\/div>\n\t\t\t\t<\/div>\n\t\t\t\t<div class=\"elementor-element elementor-element-278b5309 elementor-widget elementor-widget-text-editor\" data-id=\"278b5309\" data-element_type=\"widget\" data-widget_type=\"text-editor.default\">\n\t\t\t\t<div class=\"elementor-widget-container\">\n\t\t\t\t\t\t\t\t\t<p><span style=\"font-weight: 400;\">Nuestro equipo de expertos en Auditor\u00eda M\u00e9dica trabaja contigo de manera personalizada. Entendemos que cada situaci\u00f3n es \u00fanica y merece una atenci\u00f3n detallada y cuidadosa. Al elegirnos, no solo contratas a abogados, sino a un equipo integral de profesionales que comprenden tus preocupaciones y se comprometen a buscar la mejor soluci\u00f3n para ti.<\/span><\/p>\t\t\t\t\t\t\t\t<\/div>\n\t\t\t\t<\/div>\n\t\t\t\t\t<\/div>\n\t\t\t\t<\/div>\n\t\t<div class=\"elementor-element elementor-element-6c747324 e-flex e-con-boxed e-con e-parent\" data-id=\"6c747324\" data-element_type=\"container\" data-settings=\"{&quot;background_background&quot;:&quot;classic&quot;}\">\n\t\t\t\t\t<div class=\"e-con-inner\">\n\t\t\t\t<div class=\"elementor-element elementor-element-4b9792af elementor-widget elementor-widget-heading\" data-id=\"4b9792af\" data-element_type=\"widget\" data-widget_type=\"heading.default\">\n\t\t\t\t<div class=\"elementor-widget-container\">\n\t\t\t\t\t<h2 class=\"elementor-heading-title elementor-size-default\">SERVICIOS<\/h2>\t\t\t\t<\/div>\n\t\t\t\t<\/div>\n\t\t\t\t<div class=\"elementor-element elementor-element-63ba0315 elementor-widget elementor-widget-text-editor\" data-id=\"63ba0315\" data-element_type=\"widget\" data-widget_type=\"text-editor.default\">\n\t\t\t\t<div class=\"elementor-widget-container\">\n\t\t\t\t\t\t\t\t\t<ul><li style=\"font-weight: 400;\" aria-level=\"1\"><span style=\"font-weight: 400;\">Auditor\u00eda al Sistema \u00danico de Habilitaci\u00f3n y Acreditaci\u00f3n en Salud.\u00a0<\/span><\/li><li style=\"font-weight: 400;\" aria-level=\"1\"><span style=\"font-weight: 400;\">Reportes para Entidades de Vigilancia y Control.\u00a0<\/span><\/li><li style=\"font-weight: 400;\" aria-level=\"1\"><span style=\"font-weight: 400;\">Gesti\u00f3n de Glosas.\u00a0<\/span><\/li><li style=\"font-weight: 400;\" aria-level=\"1\"><span style=\"font-weight: 400;\">Auditor\u00edas de Farmacia.\u00a0<\/span><\/li><li style=\"font-weight: 400;\" aria-level=\"1\"><span style=\"font-weight: 400;\">Auditor\u00eda Concurrente.\u00a0<\/span><\/li><li style=\"font-weight: 400;\" aria-level=\"1\"><span style=\"font-weight: 400;\">Auditor\u00edas Integrales T\u00e9cnico-Cient\u00edficas.<\/span><\/li><li style=\"font-weight: 400;\" aria-level=\"1\"><span style=\"font-weight: 400;\">Auditor\u00eda de Cuentas M\u00e9dicas. <\/span><\/li><\/ul>\t\t\t\t\t\t\t\t<\/div>\n\t\t\t\t<\/div>\n\t\t\t\t\t<\/div>\n\t\t\t\t<\/div>\n\t\t\t\t<section class=\"elementor-section elementor-top-section elementor-element elementor-element-566e5bcf elementor-section-boxed elementor-section-height-default elementor-section-height-default\" data-id=\"566e5bcf\" data-element_type=\"section\" data-settings=\"{&quot;background_background&quot;:&quot;classic&quot;}\">\n\t\t\t\t\t\t\t<div class=\"elementor-background-overlay\"><\/div>\n\t\t\t\t\t\t\t<div class=\"elementor-container elementor-column-gap-default\">\n\t\t\t\t\t<div class=\"elementor-column elementor-col-100 elementor-top-column elementor-element elementor-element-74589c10\" data-id=\"74589c10\" data-element_type=\"column\">\n\t\t\t<div class=\"elementor-widget-wrap elementor-element-populated\">\n\t\t\t\t\t\t<div class=\"elementor-element elementor-element-5f0ca4fc elementor-invisible elementor-widget elementor-widget-heading\" data-id=\"5f0ca4fc\" data-element_type=\"widget\" data-settings=\"{&quot;_animation&quot;:&quot;fadeInUp&quot;,&quot;_animation_delay&quot;:100}\" data-widget_type=\"heading.default\">\n\t\t\t\t<div class=\"elementor-widget-container\">\n\t\t\t\t\t<h2 class=\"elementor-heading-title elementor-size-default\">Estamos comprometidos a cuidar a los clientes<\/h2>\t\t\t\t<\/div>\n\t\t\t\t<\/div>\n\t\t\t\t<div class=\"elementor-element elementor-element-13837e3 elementor-widget elementor-widget-text-editor\" data-id=\"13837e3\" data-element_type=\"widget\" data-widget_type=\"text-editor.default\">\n\t\t\t\t<div class=\"elementor-widget-container\">\n\t\t\t\t\t\t\t\t\t<p>Ofrecemos un servicio integral de asesor\u00eda legal para ayudarte a resolver dudas, gestionar tr\u00e1mites y garantizar que tus derechos est\u00e9n protegidos. Nuestro equipo de expertos te brinda apoyo en temas civiles, laborales, comerciales y familiares, asegurando soluciones claras y eficaces adaptadas a tus necesidades.<\/p>\t\t\t\t\t\t\t\t<\/div>\n\t\t\t\t<\/div>\n\t\t\t\t<section class=\"elementor-section elementor-inner-section elementor-element elementor-element-5b3f8b7a elementor-section-boxed elementor-section-height-default elementor-section-height-default\" data-id=\"5b3f8b7a\" data-element_type=\"section\">\n\t\t\t\t\t\t<div class=\"elementor-container elementor-column-gap-no\">\n\t\t\t\t\t<div class=\"elementor-column elementor-col-25 elementor-inner-column elementor-element elementor-element-72b3e604\" data-id=\"72b3e604\" data-element_type=\"column\" data-settings=\"{&quot;background_background&quot;:&quot;classic&quot;}\">\n\t\t\t<div class=\"elementor-widget-wrap elementor-element-populated\">\n\t\t\t\t\t\t<div class=\"elementor-element elementor-element-5b4827ff elementor-widget elementor-widget-jkit_fun_fact\" data-id=\"5b4827ff\" data-element_type=\"widget\" data-widget_type=\"jkit_fun_fact.default\">\n\t\t\t\t<div class=\"elementor-widget-container\">\n\t\t\t\t\t<div  class=\"jeg-elementor-kit jkit-fun-fact align-center hover-from-left elementor-animation- jeg_module___69e22e0461f29\" ><div class=fun-fact-inner><div class=\"icon elementor-animation-\"><i aria-hidden=\"true\" class=\"jki jki-team-2-line\"><\/i><\/div>\n            <div class=\"content\">\n                <div class=\"number-wrapper\"><span class=\"prefix\"><\/span>\n        <span class=\"number\" data-value=\"400\" data-animation-duration=\"3500\">0<\/span>\n        <span class=\"suffix\"><\/span><sup class=\"super\">+<\/sup><\/div>\n                <span class=\"title\">Clientes<\/span>\n            <\/div>\n        <\/div><\/div>\t\t\t\t<\/div>\n\t\t\t\t<\/div>\n\t\t\t\t\t<\/div>\n\t\t<\/div>\n\t\t\t\t<div class=\"elementor-column elementor-col-25 elementor-inner-column elementor-element elementor-element-a539195\" data-id=\"a539195\" data-element_type=\"column\">\n\t\t\t<div class=\"elementor-widget-wrap elementor-element-populated\">\n\t\t\t\t\t\t<div class=\"elementor-element elementor-element-109072bc elementor-widget elementor-widget-jkit_fun_fact\" data-id=\"109072bc\" data-element_type=\"widget\" data-widget_type=\"jkit_fun_fact.default\">\n\t\t\t\t<div class=\"elementor-widget-container\">\n\t\t\t\t\t<div  class=\"jeg-elementor-kit jkit-fun-fact align-center hover-from-left elementor-animation- jeg_module__1_69e22e0462315\" ><div class=fun-fact-inner><div class=\"icon elementor-animation-\"><i aria-hidden=\"true\" class=\"jki jki-balance1-light\"><\/i><\/div>\n            <div class=\"content\">\n                <div class=\"number-wrapper\"><span class=\"prefix\"><\/span>\n        <span class=\"number\" data-value=\"600\" data-animation-duration=\"3500\">0<\/span>\n        <span class=\"suffix\"><\/span><sup class=\"super\">+<\/sup><\/div>\n                <span class=\"title\">Casos de exito<\/span>\n            <\/div>\n        <\/div><\/div>\t\t\t\t<\/div>\n\t\t\t\t<\/div>\n\t\t\t\t\t<\/div>\n\t\t<\/div>\n\t\t\t\t<div class=\"elementor-column elementor-col-25 elementor-inner-column elementor-element elementor-element-7f3f51c9\" data-id=\"7f3f51c9\" data-element_type=\"column\">\n\t\t\t<div class=\"elementor-widget-wrap elementor-element-populated\">\n\t\t\t\t\t\t<div class=\"elementor-element elementor-element-1af3428f elementor-widget elementor-widget-jkit_fun_fact\" data-id=\"1af3428f\" data-element_type=\"widget\" data-widget_type=\"jkit_fun_fact.default\">\n\t\t\t\t<div class=\"elementor-widget-container\">\n\t\t\t\t\t<div  class=\"jeg-elementor-kit jkit-fun-fact align-center hover-from-left elementor-animation- jeg_module__2_69e22e046256f\" ><div class=fun-fact-inner><div class=\"icon elementor-animation-\"><i aria-hidden=\"true\" class=\"jki jki-badge\"><\/i><\/div>\n            <div class=\"content\">\n                <div class=\"number-wrapper\"><span class=\"prefix\"><\/span>\n        <span class=\"number\" data-value=\"25\" data-animation-duration=\"3500\">0<\/span>\n        <span class=\"suffix\"><\/span><sup class=\"super\">+<\/sup><\/div>\n                <span class=\"title\">A\u00f1os de Experiencia<\/span>\n            <\/div>\n        <\/div><\/div>\t\t\t\t<\/div>\n\t\t\t\t<\/div>\n\t\t\t\t\t<\/div>\n\t\t<\/div>\n\t\t\t\t<div class=\"elementor-column elementor-col-25 elementor-inner-column elementor-element elementor-element-3019d285\" data-id=\"3019d285\" data-element_type=\"column\">\n\t\t\t<div class=\"elementor-widget-wrap elementor-element-populated\">\n\t\t\t\t\t\t<div class=\"elementor-element elementor-element-4ec6794e elementor-widget elementor-widget-jkit_fun_fact\" data-id=\"4ec6794e\" data-element_type=\"widget\" data-widget_type=\"jkit_fun_fact.default\">\n\t\t\t\t<div class=\"elementor-widget-container\">\n\t\t\t\t\t<div  class=\"jeg-elementor-kit jkit-fun-fact align-center hover-from-left elementor-animation- jeg_module__3_69e22e04627e6\" ><div class=fun-fact-inner><div class=\"icon elementor-animation-\"><i aria-hidden=\"true\" class=\"jki jki-man-light\"><\/i><\/div>\n            <div class=\"content\">\n                <div class=\"number-wrapper\"><span class=\"prefix\"><\/span>\n        <span class=\"number\" data-value=\"4\" data-animation-duration=\"3500\">0<\/span>\n        <span class=\"suffix\"><\/span><sup class=\"super\">+<\/sup><\/div>\n                <span class=\"title\">Profesionales a su orden<\/span>\n            <\/div>\n        <\/div><\/div>\t\t\t\t<\/div>\n\t\t\t\t<\/div>\n\t\t\t\t\t<\/div>\n\t\t<\/div>\n\t\t\t\t\t<\/div>\n\t\t<\/section>\n\t\t\t\t\t<\/div>\n\t\t<\/div>\n\t\t\t\t\t<\/div>\n\t\t<\/section>\n\t\t\t\t<\/div>\n\t\t","protected":false},"excerpt":{"rendered":"<p>AUDITORIA Y GESTI\u00d3N DE LA CALIDAD EN SALUD En nuestra firma jur\u00eddica, entendemos que la auditor\u00eda m\u00e9dica es crucial para [&hellip;]<\/p>\n","protected":false},"author":1,"featured_media":0,"parent":0,"menu_order":0,"comment_status":"closed","ping_status":"closed","template":"","meta":{"site-sidebar-layout":"no-sidebar","site-content-layout":"","ast-site-content-layout":"full-width-container","site-content-style":"default","site-sidebar-style":"default","ast-global-header-display":"","ast-banner-title-visibility":"","ast-main-header-display":"","ast-hfb-above-header-display":"","ast-hfb-below-header-display":"","ast-hfb-mobile-header-display":"","site-post-title":"disabled","ast-breadcrumbs-content":"","ast-featured-img":"disabled","footer-sml-layout":"","theme-transparent-header-meta":"","adv-header-id-meta":"","stick-header-meta":"","header-above-stick-meta":"","header-main-stick-meta":"","header-below-stick-meta":"","astra-migrate-meta-layouts":"default","ast-page-background-enabled":"default","ast-page-background-meta":{"desktop":{"background-color":"var(--ast-global-color-4)","background-image":"","background-repeat":"repeat","background-position":"center center","background-size":"auto","background-attachment":"scroll","background-type":"","background-media":"","overlay-type":"","overlay-color":"","overlay-opacity":"","overlay-gradient":""},"tablet":{"background-color":"","background-image":"","background-repeat":"repeat","background-position":"center center","background-size":"auto","background-attachment":"scroll","background-type":"","background-media":"","overlay-type":"","overlay-color":"","overlay-opacity":"","overlay-gradient":""},"mobile":{"background-color":"","background-image":"","background-repeat":"repeat","background-position":"center center","background-size":"auto","background-attachment":"scroll","background-type":"","background-media":"","overlay-type":"","overlay-color":"","overlay-opacity":"","overlay-gradient":""}},"ast-content-background-meta":{"desktop":{"background-color":"var(--ast-global-color-5)","background-image":"","background-repeat":"repeat","background-position":"center center","background-size":"auto","background-attachment":"scroll","background-type":"","background-media":"","overlay-type":"","overlay-color":"","overlay-opacity":"","overlay-gradient":""},"tablet":{"background-color":"var(--ast-global-color-5)","background-image":"","background-repeat":"repeat","background-position":"center center","background-size":"auto","background-attachment":"scroll","background-type":"","background-media":"","overlay-type":"","overlay-color":"","overlay-opacity":"","overlay-gradient":""},"mobile":{"background-color":"var(--ast-global-color-5)","background-image":"","background-repeat":"repeat","background-position":"center center","background-size":"auto","background-attachment":"scroll","background-type":"","background-media":"","overlay-type":"","overlay-color":"","overlay-opacity":"","overlay-gradient":""}},"_joinchat":[],"footnotes":""},"class_list":["post-1825","page","type-page","status-publish","hentry"],"yoast_head":"<!-- This site is optimized with the Yoast SEO plugin v24.1 - https:\/\/yoast.com\/wordpress\/plugins\/seo\/ -->\n<title>Auditoria y Gesti\u00f3n de la Calidad en Salud - Tu aliado legal en cada paso<\/title>\n<meta name=\"robots\" content=\"index, follow, max-snippet:-1, max-image-preview:large, max-video-preview:-1\" \/>\n<link rel=\"canonical\" href=\"https:\/\/bossio-lawyers.com\/index.php\/auditoria-y-gestion-de-la-calidad-en-salud\/\" \/>\n<meta property=\"og:locale\" content=\"es_ES\" \/>\n<meta property=\"og:type\" content=\"article\" \/>\n<meta property=\"og:title\" content=\"Auditoria y Gesti\u00f3n de la Calidad en Salud - Tu aliado legal en cada paso\" \/>\n<meta property=\"og:description\" content=\"AUDITORIA Y GESTI\u00d3N DE LA CALIDAD EN SALUD En nuestra firma jur\u00eddica, entendemos que la auditor\u00eda m\u00e9dica es crucial para [&hellip;]\" \/>\n<meta property=\"og:url\" content=\"https:\/\/bossio-lawyers.com\/index.php\/auditoria-y-gestion-de-la-calidad-en-salud\/\" \/>\n<meta property=\"og:site_name\" content=\"Tu aliado legal en cada paso\" \/>\n<meta property=\"article:modified_time\" content=\"2024-12-26T15:29:48+00:00\" \/>\n<meta name=\"twitter:card\" content=\"summary_large_image\" \/>\n<meta name=\"twitter:label1\" content=\"Tiempo de lectura\" \/>\n\t<meta name=\"twitter:data1\" content=\"2 minutos\" \/>\n<script type=\"application\/ld+json\" class=\"yoast-schema-graph\">{\"@context\":\"https:\/\/schema.org\",\"@graph\":[{\"@type\":\"WebPage\",\"@id\":\"https:\/\/bossio-lawyers.com\/index.php\/auditoria-y-gestion-de-la-calidad-en-salud\/\",\"url\":\"https:\/\/bossio-lawyers.com\/index.php\/auditoria-y-gestion-de-la-calidad-en-salud\/\",\"name\":\"Auditoria y Gesti\u00f3n de la Calidad en Salud - Tu aliado legal en cada paso\",\"isPartOf\":{\"@id\":\"https:\/\/bossio-lawyers.com\/#website\"},\"datePublished\":\"2024-12-24T19:42:01+00:00\",\"dateModified\":\"2024-12-26T15:29:48+00:00\",\"breadcrumb\":{\"@id\":\"https:\/\/bossio-lawyers.com\/index.php\/auditoria-y-gestion-de-la-calidad-en-salud\/#breadcrumb\"},\"inLanguage\":\"es\",\"potentialAction\":[{\"@type\":\"ReadAction\",\"target\":[\"https:\/\/bossio-lawyers.com\/index.php\/auditoria-y-gestion-de-la-calidad-en-salud\/\"]}]},{\"@type\":\"BreadcrumbList\",\"@id\":\"https:\/\/bossio-lawyers.com\/index.php\/auditoria-y-gestion-de-la-calidad-en-salud\/#breadcrumb\",\"itemListElement\":[{\"@type\":\"ListItem\",\"position\":1,\"name\":\"Portada\",\"item\":\"https:\/\/bossio-lawyers.com\/\"},{\"@type\":\"ListItem\",\"position\":2,\"name\":\"Auditoria y Gesti\u00f3n de la Calidad en Salud\"}]},{\"@type\":\"WebSite\",\"@id\":\"https:\/\/bossio-lawyers.com\/#website\",\"url\":\"https:\/\/bossio-lawyers.com\/\",\"name\":\"Bossio Lawyer\",\"description\":\"\",\"publisher\":{\"@id\":\"https:\/\/bossio-lawyers.com\/#organization\"},\"potentialAction\":[{\"@type\":\"SearchAction\",\"target\":{\"@type\":\"EntryPoint\",\"urlTemplate\":\"https:\/\/bossio-lawyers.com\/?s={search_term_string}\"},\"query-input\":{\"@type\":\"PropertyValueSpecification\",\"valueRequired\":true,\"valueName\":\"search_term_string\"}}],\"inLanguage\":\"es\"},{\"@type\":\"Organization\",\"@id\":\"https:\/\/bossio-lawyers.com\/#organization\",\"name\":\"Tu aliado legal en cada paso\",\"url\":\"https:\/\/bossio-lawyers.com\/\",\"logo\":{\"@type\":\"ImageObject\",\"inLanguage\":\"es\",\"@id\":\"https:\/\/bossio-lawyers.com\/#\/schema\/logo\/image\/\",\"url\":\"https:\/\/bossio-lawyers.com\/wp-content\/uploads\/2024\/08\/Horizontal-Dorado-Bossio.png\",\"contentUrl\":\"https:\/\/bossio-lawyers.com\/wp-content\/uploads\/2024\/08\/Horizontal-Dorado-Bossio.png\",\"width\":1430,\"height\":737,\"caption\":\"Tu aliado legal en cada paso\"},\"image\":{\"@id\":\"https:\/\/bossio-lawyers.com\/#\/schema\/logo\/image\/\"}}]}<\/script>\n<!-- \/ Yoast SEO plugin. -->","yoast_head_json":{"title":"Auditoria y Gesti\u00f3n de la Calidad en Salud - Tu aliado legal en cada paso","robots":{"index":"index","follow":"follow","max-snippet":"max-snippet:-1","max-image-preview":"max-image-preview:large","max-video-preview":"max-video-preview:-1"},"canonical":"https:\/\/bossio-lawyers.com\/index.php\/auditoria-y-gestion-de-la-calidad-en-salud\/","og_locale":"es_ES","og_type":"article","og_title":"Auditoria y Gesti\u00f3n de la Calidad en Salud - Tu aliado legal en cada paso","og_description":"AUDITORIA Y GESTI\u00d3N DE LA CALIDAD EN SALUD En nuestra firma jur\u00eddica, entendemos que la auditor\u00eda m\u00e9dica es crucial para [&hellip;]","og_url":"https:\/\/bossio-lawyers.com\/index.php\/auditoria-y-gestion-de-la-calidad-en-salud\/","og_site_name":"Tu aliado legal en cada paso","article_modified_time":"2024-12-26T15:29:48+00:00","twitter_card":"summary_large_image","twitter_misc":{"Tiempo de lectura":"2 minutos"},"schema":{"@context":"https:\/\/schema.org","@graph":[{"@type":"WebPage","@id":"https:\/\/bossio-lawyers.com\/index.php\/auditoria-y-gestion-de-la-calidad-en-salud\/","url":"https:\/\/bossio-lawyers.com\/index.php\/auditoria-y-gestion-de-la-calidad-en-salud\/","name":"Auditoria y Gesti\u00f3n de la Calidad en Salud - Tu aliado legal en cada paso","isPartOf":{"@id":"https:\/\/bossio-lawyers.com\/#website"},"datePublished":"2024-12-24T19:42:01+00:00","dateModified":"2024-12-26T15:29:48+00:00","breadcrumb":{"@id":"https:\/\/bossio-lawyers.com\/index.php\/auditoria-y-gestion-de-la-calidad-en-salud\/#breadcrumb"},"inLanguage":"es","potentialAction":[{"@type":"ReadAction","target":["https:\/\/bossio-lawyers.com\/index.php\/auditoria-y-gestion-de-la-calidad-en-salud\/"]}]},{"@type":"BreadcrumbList","@id":"https:\/\/bossio-lawyers.com\/index.php\/auditoria-y-gestion-de-la-calidad-en-salud\/#breadcrumb","itemListElement":[{"@type":"ListItem","position":1,"name":"Portada","item":"https:\/\/bossio-lawyers.com\/"},{"@type":"ListItem","position":2,"name":"Auditoria y Gesti\u00f3n de la Calidad en Salud"}]},{"@type":"WebSite","@id":"https:\/\/bossio-lawyers.com\/#website","url":"https:\/\/bossio-lawyers.com\/","name":"Bossio Lawyer","description":"","publisher":{"@id":"https:\/\/bossio-lawyers.com\/#organization"},"potentialAction":[{"@type":"SearchAction","target":{"@type":"EntryPoint","urlTemplate":"https:\/\/bossio-lawyers.com\/?s={search_term_string}"},"query-input":{"@type":"PropertyValueSpecification","valueRequired":true,"valueName":"search_term_string"}}],"inLanguage":"es"},{"@type":"Organization","@id":"https:\/\/bossio-lawyers.com\/#organization","name":"Tu aliado legal en cada paso","url":"https:\/\/bossio-lawyers.com\/","logo":{"@type":"ImageObject","inLanguage":"es","@id":"https:\/\/bossio-lawyers.com\/#\/schema\/logo\/image\/","url":"https:\/\/bossio-lawyers.com\/wp-content\/uploads\/2024\/08\/Horizontal-Dorado-Bossio.png","contentUrl":"https:\/\/bossio-lawyers.com\/wp-content\/uploads\/2024\/08\/Horizontal-Dorado-Bossio.png","width":1430,"height":737,"caption":"Tu aliado legal en cada paso"},"image":{"@id":"https:\/\/bossio-lawyers.com\/#\/schema\/logo\/image\/"}}]}},"_links":{"self":[{"href":"https:\/\/bossio-lawyers.com\/index.php\/wp-json\/wp\/v2\/pages\/1825","targetHints":{"allow":["GET"]}}],"collection":[{"href":"https:\/\/bossio-lawyers.com\/index.php\/wp-json\/wp\/v2\/pages"}],"about":[{"href":"https:\/\/bossio-lawyers.com\/index.php\/wp-json\/wp\/v2\/types\/page"}],"author":[{"embeddable":true,"href":"https:\/\/bossio-lawyers.com\/index.php\/wp-json\/wp\/v2\/users\/1"}],"replies":[{"embeddable":true,"href":"https:\/\/bossio-lawyers.com\/index.php\/wp-json\/wp\/v2\/comments?post=1825"}],"version-history":[{"count":10,"href":"https:\/\/bossio-lawyers.com\/index.php\/wp-json\/wp\/v2\/pages\/1825\/revisions"}],"predecessor-version":[{"id":1912,"href":"https:\/\/bossio-lawyers.com\/index.php\/wp-json\/wp\/v2\/pages\/1825\/revisions\/1912"}],"wp:attachment":[{"href":"https:\/\/bossio-lawyers.com\/index.php\/wp-json\/wp\/v2\/media?parent=1825"}],"curies":[{"name":"wp","href":"https:\/\/api.w.org\/{rel}","templated":true}]}}