{"id":1807,"date":"2024-12-24T19:29:11","date_gmt":"2024-12-24T19:29:11","guid":{"rendered":"https:\/\/bossio-lawyers.com\/?page_id=1807"},"modified":"2024-12-26T15:39:01","modified_gmt":"2024-12-26T15:39:01","slug":"derecho-laboral-y-seguridad-social","status":"publish","type":"page","link":"https:\/\/bossio-lawyers.com\/index.php\/derecho-laboral-y-seguridad-social\/","title":{"rendered":"Derecho Laboral y Seguridad Social"},"content":{"rendered":"\t\t<div data-elementor-type=\"wp-page\" data-elementor-id=\"1807\" class=\"elementor elementor-1807\" data-elementor-post-type=\"page\">\n\t\t\t\t<div class=\"elementor-element elementor-element-99abd94 e-flex e-con-boxed e-con e-parent\" data-id=\"99abd94\" data-element_type=\"container\" data-settings=\"{&quot;background_background&quot;:&quot;classic&quot;}\">\n\t\t\t\t\t<div class=\"e-con-inner\">\n\t\t\t\t<div class=\"elementor-element elementor-element-d89ed1a elementor-widget elementor-widget-spacer\" data-id=\"d89ed1a\" data-element_type=\"widget\" data-widget_type=\"spacer.default\">\n\t\t\t\t<div class=\"elementor-widget-container\">\n\t\t\t\t\t\t\t<div class=\"elementor-spacer\">\n\t\t\t<div class=\"elementor-spacer-inner\"><\/div>\n\t\t<\/div>\n\t\t\t\t\t\t<\/div>\n\t\t\t\t<\/div>\n\t\t\t\t\t<\/div>\n\t\t\t\t<\/div>\n\t\t<div class=\"elementor-element elementor-element-30e5f4dc e-flex e-con-boxed e-con e-parent\" data-id=\"30e5f4dc\" data-element_type=\"container\" data-settings=\"{&quot;background_background&quot;:&quot;classic&quot;}\">\n\t\t\t\t\t<div class=\"e-con-inner\">\n\t\t\t\t<div class=\"elementor-element elementor-element-53c84427 elementor-widget elementor-widget-heading\" data-id=\"53c84427\" data-element_type=\"widget\" data-widget_type=\"heading.default\">\n\t\t\t\t<div class=\"elementor-widget-container\">\n\t\t\t\t\t<h2 class=\"elementor-heading-title elementor-size-default\">DERECHO LABORAL Y SEGURIDAD SOCIAL<\/h2>\t\t\t\t<\/div>\n\t\t\t\t<\/div>\n\t\t\t\t<div class=\"elementor-element elementor-element-4649fa82 elementor-widget elementor-widget-text-editor\" data-id=\"4649fa82\" data-element_type=\"widget\" data-widget_type=\"text-editor.default\">\n\t\t\t\t<div class=\"elementor-widget-container\">\n\t\t\t\t\t\t\t\t\t<p><span style=\"font-weight: 400;\">En nuestra firma jur\u00eddica, entendemos la importancia de garantizar condiciones laborales justas y la protecci\u00f3n de los derechos de los trabajadores. El Derecho Laboral y de Seguridad Social son \u00e1reas esenciales que buscan equilibrar las relaciones entre empleadores y empleados, asegurando que se respeten los derechos laborales y se cumplan las obligaciones sociales. Nuestro compromiso es brindarte un apoyo cercano y emp\u00e1tico, asegur\u00e1ndonos de que tus derechos sean defendidos en todo momento.<\/span><\/p>\t\t\t\t\t\t\t\t<\/div>\n\t\t\t\t<\/div>\n\t\t\t\t\t<\/div>\n\t\t\t\t<\/div>\n\t\t<div class=\"elementor-element elementor-element-1aac3cb7 e-flex e-con-boxed e-con e-parent\" data-id=\"1aac3cb7\" data-element_type=\"container\" data-settings=\"{&quot;background_background&quot;:&quot;classic&quot;}\">\n\t\t\t\t\t<div class=\"e-con-inner\">\n\t\t\t\t<div class=\"elementor-element elementor-element-3318f4cf elementor-widget elementor-widget-heading\" data-id=\"3318f4cf\" data-element_type=\"widget\" data-widget_type=\"heading.default\">\n\t\t\t\t<div class=\"elementor-widget-container\">\n\t\t\t\t\t<h2 class=\"elementor-heading-title elementor-size-default\">\u00bfC\u00f3mo Te Ayudamos?<\/h2>\t\t\t\t<\/div>\n\t\t\t\t<\/div>\n\t\t\t\t<div class=\"elementor-element elementor-element-485aa503 elementor-widget elementor-widget-text-editor\" data-id=\"485aa503\" data-element_type=\"widget\" data-widget_type=\"text-editor.default\">\n\t\t\t\t<div class=\"elementor-widget-container\">\n\t\t\t\t\t\t\t\t\t<p><span style=\"font-weight: 400;\">Nuestro equipo en Derecho Laboral y de Seguridad Social trabaja contigo de manera personalizada. Entendemos que cada situaci\u00f3n es \u00fanica y merece una atenci\u00f3n detallada y cuidadosa. Al elegirnos, no solo contratas a abogados, sino a aliados que comprenden tus preocupaciones y se comprometen a buscar la mejor soluci\u00f3n para ti.<\/span><\/p>\t\t\t\t\t\t\t\t<\/div>\n\t\t\t\t<\/div>\n\t\t\t\t\t<\/div>\n\t\t\t\t<\/div>\n\t\t<div class=\"elementor-element elementor-element-31ed05e e-flex e-con-boxed e-con e-parent\" data-id=\"31ed05e\" data-element_type=\"container\" data-settings=\"{&quot;background_background&quot;:&quot;classic&quot;}\">\n\t\t\t\t\t<div class=\"e-con-inner\">\n\t\t\t\t<div class=\"elementor-element elementor-element-457249c elementor-widget elementor-widget-heading\" data-id=\"457249c\" data-element_type=\"widget\" data-widget_type=\"heading.default\">\n\t\t\t\t<div class=\"elementor-widget-container\">\n\t\t\t\t\t<h2 class=\"elementor-heading-title elementor-size-default\">SERVICIOS<\/h2>\t\t\t\t<\/div>\n\t\t\t\t<\/div>\n\t\t\t\t<div class=\"elementor-element elementor-element-2ce70d48 elementor-widget elementor-widget-text-editor\" data-id=\"2ce70d48\" data-element_type=\"widget\" data-widget_type=\"text-editor.default\">\n\t\t\t\t<div class=\"elementor-widget-container\">\n\t\t\t\t\t\t\t\t\t<ul><li style=\"font-weight: 400;\" aria-level=\"1\"><span style=\"font-weight: 400;\">Contratos de trabajo seg\u00fan las necesidades de tu organizaci\u00f3n: tendr\u00e1s claridad sobre modalidad de contrato, efectos jur\u00eddicos de la ejecuci\u00f3n del contrato y pago de prestaciones sociales.<\/span><\/li><li style=\"font-weight: 400;\" aria-level=\"1\"><span style=\"font-weight: 400;\">Lineamiento jur\u00eddico para las relaciones individuales y colectivas.<\/span><\/li><li style=\"font-weight: 400;\" aria-level=\"1\"><span style=\"font-weight: 400;\">Acompa\u00f1amiento en las investigaciones y procesos disciplinarios.<\/span><\/li><li style=\"font-weight: 400;\" aria-level=\"1\"><span style=\"font-weight: 400;\">Implementaci\u00f3n de pol\u00edticas y reglas de la relaci\u00f3n laboral (Reglamento Interno de Trabajo).\u00a0<\/span><\/li><li style=\"font-weight: 400;\" aria-level=\"1\"><span style=\"font-weight: 400;\">Negociaci\u00f3n, manejo de conflictos laborales y terminaci\u00f3n de v\u00ednculos laborales.<\/span><\/li><li style=\"font-weight: 400;\" aria-level=\"1\"><span style=\"font-weight: 400;\">Prevenci\u00f3n, negociaci\u00f3n y reclamo de Indemnizaciones Laborales.<\/span><\/li><li style=\"font-weight: 400;\" aria-level=\"1\"><span style=\"font-weight: 400;\">Manejo del reintegro, reubicaci\u00f3n y restricciones laborales.<\/span><\/li><li style=\"font-weight: 400;\" aria-level=\"1\"><span style=\"font-weight: 400;\">Asesor\u00eda y representaci\u00f3n ante entidades de control y fiscalizaci\u00f3n del derecho laboral y seguridad social (Ministerio de Trabajo, UGPP, ARL, FONDOS DE PENSIONES, EPS).\u00a0<\/span><\/li><li style=\"font-weight: 400;\" aria-level=\"1\"><span style=\"font-weight: 400;\">Representaci\u00f3n administrativa y judicial de las acciones judiciales por controversia derivadas de la relaci\u00f3n laboral.<\/span><\/li><li style=\"font-weight: 400;\" aria-level=\"1\"><span style=\"font-weight: 400;\">Capacitaci\u00f3n a particulares y organizaciones p\u00fablicas o privadas en temas de car\u00e1cter laboral.<\/span><\/li><li style=\"font-weight: 400;\" aria-level=\"1\"><span style=\"font-weight: 400;\">Manejo legal en casos de fueros o estabilidad laboral reforzada, como de maternidad y por salud.<\/span><\/li><li style=\"font-weight: 400;\" aria-level=\"1\"><span style=\"font-weight: 400;\">Negociaciones de pactos, acuerdos y convenciones sindicales.<\/span><\/li><li style=\"font-weight: 400;\" aria-level=\"1\"><span style=\"font-weight: 400;\">Relocalizaci\u00f3n de empleados a otros pa\u00edses.<\/span><\/li><li style=\"font-weight: 400;\" aria-level=\"1\"><span style=\"font-weight: 400;\">Asesor\u00edas en estudios de seguridad para empleados.<\/span><\/li><li style=\"font-weight: 400;\" aria-level=\"1\"><span style=\"font-weight: 400;\">Tercerizaci\u00f3n de personal.\u00a0<\/span><\/li><li style=\"font-weight: 400;\" aria-level=\"1\"><span style=\"font-weight: 400;\">Relaciones empresariales con colaboradores.\u00a0<\/span><\/li><li style=\"font-weight: 400;\" aria-level=\"1\"><span style=\"font-weight: 400;\">Relaciones con contratistas bajo contratos de prestaci\u00f3n de servicios.\u00a0<\/span><\/li><li style=\"font-weight: 400;\" aria-level=\"1\"><span style=\"font-weight: 400;\">Asesor\u00eda y representaci\u00f3n en caso de seguridad social, salud, pensi\u00f3n o ARL.\u00a0<\/span><\/li><li style=\"font-weight: 400;\" aria-level=\"1\"><span style=\"font-weight: 400;\">Representaci\u00f3n frente a la Unidad de Gesti\u00f3n Pensional y Parafiscales (UGPP).\u00a0<\/span><\/li><li style=\"font-weight: 400;\" aria-level=\"1\"><span style=\"font-weight: 400;\">Cambios en las condiciones laborales.\u00a0<\/span><\/li><li style=\"font-weight: 400;\" aria-level=\"1\"><span style=\"font-weight: 400;\">Riesgos Laborales y Pensi\u00f3n Por Invalidez.\u00a0<\/span><\/li><li style=\"font-weight: 400;\" aria-level=\"1\"><span style=\"font-weight: 400;\">Sustituci\u00f3n Pensional.<\/span><\/li><\/ul>\t\t\t\t\t\t\t\t<\/div>\n\t\t\t\t<\/div>\n\t\t\t\t\t<\/div>\n\t\t\t\t<\/div>\n\t\t\t\t<section class=\"elementor-section elementor-top-section elementor-element elementor-element-6f850807 elementor-section-boxed elementor-section-height-default elementor-section-height-default\" data-id=\"6f850807\" data-element_type=\"section\" data-settings=\"{&quot;background_background&quot;:&quot;classic&quot;}\">\n\t\t\t\t\t\t\t<div class=\"elementor-background-overlay\"><\/div>\n\t\t\t\t\t\t\t<div class=\"elementor-container elementor-column-gap-default\">\n\t\t\t\t\t<div class=\"elementor-column elementor-col-100 elementor-top-column elementor-element elementor-element-364cc8ff\" data-id=\"364cc8ff\" data-element_type=\"column\">\n\t\t\t<div class=\"elementor-widget-wrap elementor-element-populated\">\n\t\t\t\t\t\t<div class=\"elementor-element elementor-element-1b2c6c71 elementor-invisible elementor-widget elementor-widget-heading\" data-id=\"1b2c6c71\" data-element_type=\"widget\" data-settings=\"{&quot;_animation&quot;:&quot;fadeInUp&quot;,&quot;_animation_delay&quot;:100}\" data-widget_type=\"heading.default\">\n\t\t\t\t<div class=\"elementor-widget-container\">\n\t\t\t\t\t<h2 class=\"elementor-heading-title elementor-size-default\">Estamos comprometidos a cuidar a los clientes<\/h2>\t\t\t\t<\/div>\n\t\t\t\t<\/div>\n\t\t\t\t<div class=\"elementor-element elementor-element-e3e7852 elementor-widget elementor-widget-text-editor\" data-id=\"e3e7852\" data-element_type=\"widget\" data-widget_type=\"text-editor.default\">\n\t\t\t\t<div class=\"elementor-widget-container\">\n\t\t\t\t\t\t\t\t\t<p>Ofrecemos un servicio integral de asesor\u00eda legal para ayudarte a resolver dudas, gestionar tr\u00e1mites y garantizar que tus derechos est\u00e9n protegidos. Nuestro equipo de expertos te brinda apoyo en temas civiles, laborales, comerciales y familiares, asegurando soluciones claras y eficaces adaptadas a tus necesidades.<\/p>\t\t\t\t\t\t\t\t<\/div>\n\t\t\t\t<\/div>\n\t\t\t\t<section class=\"elementor-section elementor-inner-section elementor-element elementor-element-195fc0a8 elementor-section-boxed elementor-section-height-default elementor-section-height-default\" data-id=\"195fc0a8\" data-element_type=\"section\">\n\t\t\t\t\t\t<div class=\"elementor-container elementor-column-gap-no\">\n\t\t\t\t\t<div class=\"elementor-column elementor-col-25 elementor-inner-column elementor-element elementor-element-137579c9\" data-id=\"137579c9\" data-element_type=\"column\" data-settings=\"{&quot;background_background&quot;:&quot;classic&quot;}\">\n\t\t\t<div class=\"elementor-widget-wrap elementor-element-populated\">\n\t\t\t\t\t\t<div class=\"elementor-element elementor-element-2b1a2102 elementor-widget elementor-widget-jkit_fun_fact\" data-id=\"2b1a2102\" data-element_type=\"widget\" data-widget_type=\"jkit_fun_fact.default\">\n\t\t\t\t<div class=\"elementor-widget-container\">\n\t\t\t\t\t<div  class=\"jeg-elementor-kit jkit-fun-fact align-center hover-from-left elementor-animation- jeg_module___69e238740945b\" ><div class=fun-fact-inner><div class=\"icon elementor-animation-\"><i aria-hidden=\"true\" class=\"jki jki-team-2-line\"><\/i><\/div>\n            <div class=\"content\">\n                <div class=\"number-wrapper\"><span class=\"prefix\"><\/span>\n        <span class=\"number\" data-value=\"400\" data-animation-duration=\"3500\">0<\/span>\n        <span class=\"suffix\"><\/span><sup class=\"super\">+<\/sup><\/div>\n                <span class=\"title\">Clientes<\/span>\n            <\/div>\n        <\/div><\/div>\t\t\t\t<\/div>\n\t\t\t\t<\/div>\n\t\t\t\t\t<\/div>\n\t\t<\/div>\n\t\t\t\t<div class=\"elementor-column elementor-col-25 elementor-inner-column elementor-element elementor-element-48446c6\" data-id=\"48446c6\" data-element_type=\"column\">\n\t\t\t<div class=\"elementor-widget-wrap elementor-element-populated\">\n\t\t\t\t\t\t<div class=\"elementor-element elementor-element-3d801de4 elementor-widget elementor-widget-jkit_fun_fact\" data-id=\"3d801de4\" data-element_type=\"widget\" data-widget_type=\"jkit_fun_fact.default\">\n\t\t\t\t<div class=\"elementor-widget-container\">\n\t\t\t\t\t<div  class=\"jeg-elementor-kit jkit-fun-fact align-center hover-from-left elementor-animation- jeg_module__1_69e23874098ec\" ><div class=fun-fact-inner><div class=\"icon elementor-animation-\"><i aria-hidden=\"true\" class=\"jki jki-balance1-light\"><\/i><\/div>\n            <div class=\"content\">\n                <div class=\"number-wrapper\"><span class=\"prefix\"><\/span>\n        <span class=\"number\" data-value=\"600\" data-animation-duration=\"3500\">0<\/span>\n        <span class=\"suffix\"><\/span><sup class=\"super\">+<\/sup><\/div>\n                <span class=\"title\">Casos de exito<\/span>\n            <\/div>\n        <\/div><\/div>\t\t\t\t<\/div>\n\t\t\t\t<\/div>\n\t\t\t\t\t<\/div>\n\t\t<\/div>\n\t\t\t\t<div class=\"elementor-column elementor-col-25 elementor-inner-column elementor-element elementor-element-24b555be\" data-id=\"24b555be\" data-element_type=\"column\">\n\t\t\t<div class=\"elementor-widget-wrap elementor-element-populated\">\n\t\t\t\t\t\t<div class=\"elementor-element elementor-element-6399881d elementor-widget elementor-widget-jkit_fun_fact\" data-id=\"6399881d\" data-element_type=\"widget\" data-widget_type=\"jkit_fun_fact.default\">\n\t\t\t\t<div class=\"elementor-widget-container\">\n\t\t\t\t\t<div  class=\"jeg-elementor-kit jkit-fun-fact align-center hover-from-left elementor-animation- jeg_module__2_69e2387409b8f\" ><div class=fun-fact-inner><div class=\"icon elementor-animation-\"><i aria-hidden=\"true\" class=\"jki jki-badge\"><\/i><\/div>\n            <div class=\"content\">\n                <div class=\"number-wrapper\"><span class=\"prefix\"><\/span>\n        <span class=\"number\" data-value=\"25\" data-animation-duration=\"3500\">0<\/span>\n        <span class=\"suffix\"><\/span><sup class=\"super\">+<\/sup><\/div>\n                <span class=\"title\">A\u00f1os de Experiencia<\/span>\n            <\/div>\n        <\/div><\/div>\t\t\t\t<\/div>\n\t\t\t\t<\/div>\n\t\t\t\t\t<\/div>\n\t\t<\/div>\n\t\t\t\t<div class=\"elementor-column elementor-col-25 elementor-inner-column elementor-element elementor-element-2a4cfad4\" data-id=\"2a4cfad4\" data-element_type=\"column\">\n\t\t\t<div class=\"elementor-widget-wrap elementor-element-populated\">\n\t\t\t\t\t\t<div class=\"elementor-element elementor-element-5856c2a2 elementor-widget elementor-widget-jkit_fun_fact\" data-id=\"5856c2a2\" data-element_type=\"widget\" data-widget_type=\"jkit_fun_fact.default\">\n\t\t\t\t<div class=\"elementor-widget-container\">\n\t\t\t\t\t<div  class=\"jeg-elementor-kit jkit-fun-fact align-center hover-from-left elementor-animation- jeg_module__3_69e2387409e63\" ><div class=fun-fact-inner><div class=\"icon elementor-animation-\"><i aria-hidden=\"true\" class=\"jki jki-man-light\"><\/i><\/div>\n            <div class=\"content\">\n                <div class=\"number-wrapper\"><span class=\"prefix\"><\/span>\n        <span class=\"number\" data-value=\"4\" data-animation-duration=\"3500\">0<\/span>\n        <span class=\"suffix\"><\/span><sup class=\"super\">+<\/sup><\/div>\n                <span class=\"title\">Profesionales a su orden<\/span>\n            <\/div>\n        <\/div><\/div>\t\t\t\t<\/div>\n\t\t\t\t<\/div>\n\t\t\t\t\t<\/div>\n\t\t<\/div>\n\t\t\t\t\t<\/div>\n\t\t<\/section>\n\t\t\t\t\t<\/div>\n\t\t<\/div>\n\t\t\t\t\t<\/div>\n\t\t<\/section>\n\t\t\t\t<\/div>\n\t\t","protected":false},"excerpt":{"rendered":"<p>DERECHO LABORAL Y SEGURIDAD SOCIAL En nuestra firma jur\u00eddica, entendemos la importancia de garantizar condiciones laborales justas y la protecci\u00f3n [&hellip;]<\/p>\n","protected":false},"author":1,"featured_media":0,"parent":0,"menu_order":0,"comment_status":"closed","ping_status":"closed","template":"","meta":{"site-sidebar-layout":"no-sidebar","site-content-layout":"","ast-site-content-layout":"full-width-container","site-content-style":"default","site-sidebar-style":"default","ast-global-header-display":"","ast-banner-title-visibility":"","ast-main-header-display":"","ast-hfb-above-header-display":"","ast-hfb-below-header-display":"","ast-hfb-mobile-header-display":"","site-post-title":"disabled","ast-breadcrumbs-content":"","ast-featured-img":"disabled","footer-sml-layout":"","theme-transparent-header-meta":"","adv-header-id-meta":"","stick-header-meta":"","header-above-stick-meta":"","header-main-stick-meta":"","header-below-stick-meta":"","astra-migrate-meta-layouts":"default","ast-page-background-enabled":"default","ast-page-background-meta":{"desktop":{"background-color":"var(--ast-global-color-4)","background-image":"","background-repeat":"repeat","background-position":"center center","background-size":"auto","background-attachment":"scroll","background-type":"","background-media":"","overlay-type":"","overlay-color":"","overlay-opacity":"","overlay-gradient":""},"tablet":{"background-color":"","background-image":"","background-repeat":"repeat","background-position":"center center","background-size":"auto","background-attachment":"scroll","background-type":"","background-media":"","overlay-type":"","overlay-color":"","overlay-opacity":"","overlay-gradient":""},"mobile":{"background-color":"","background-image":"","background-repeat":"repeat","background-position":"center center","background-size":"auto","background-attachment":"scroll","background-type":"","background-media":"","overlay-type":"","overlay-color":"","overlay-opacity":"","overlay-gradient":""}},"ast-content-background-meta":{"desktop":{"background-color":"var(--ast-global-color-5)","background-image":"","background-repeat":"repeat","background-position":"center center","background-size":"auto","background-attachment":"scroll","background-type":"","background-media":"","overlay-type":"","overlay-color":"","overlay-opacity":"","overlay-gradient":""},"tablet":{"background-color":"var(--ast-global-color-5)","background-image":"","background-repeat":"repeat","background-position":"center center","background-size":"auto","background-attachment":"scroll","background-type":"","background-media":"","overlay-type":"","overlay-color":"","overlay-opacity":"","overlay-gradient":""},"mobile":{"background-color":"var(--ast-global-color-5)","background-image":"","background-repeat":"repeat","background-position":"center center","background-size":"auto","background-attachment":"scroll","background-type":"","background-media":"","overlay-type":"","overlay-color":"","overlay-opacity":"","overlay-gradient":""}},"_joinchat":[],"footnotes":""},"class_list":["post-1807","page","type-page","status-publish","hentry"],"yoast_head":"<!-- This site is optimized with the Yoast SEO plugin v24.1 - https:\/\/yoast.com\/wordpress\/plugins\/seo\/ -->\n<title>Derecho Laboral y Seguridad Social - Tu aliado legal en cada paso<\/title>\n<meta name=\"robots\" content=\"index, follow, max-snippet:-1, max-image-preview:large, max-video-preview:-1\" \/>\n<link rel=\"canonical\" href=\"https:\/\/bossio-lawyers.com\/index.php\/derecho-laboral-y-seguridad-social\/\" \/>\n<meta property=\"og:locale\" content=\"es_ES\" \/>\n<meta property=\"og:type\" content=\"article\" \/>\n<meta property=\"og:title\" content=\"Derecho Laboral y Seguridad Social - Tu aliado legal en cada paso\" \/>\n<meta property=\"og:description\" content=\"DERECHO LABORAL Y SEGURIDAD SOCIAL En nuestra firma jur\u00eddica, entendemos la importancia de garantizar condiciones laborales justas y la protecci\u00f3n [&hellip;]\" \/>\n<meta property=\"og:url\" content=\"https:\/\/bossio-lawyers.com\/index.php\/derecho-laboral-y-seguridad-social\/\" \/>\n<meta property=\"og:site_name\" content=\"Tu aliado legal en cada paso\" \/>\n<meta property=\"article:modified_time\" content=\"2024-12-26T15:39:01+00:00\" \/>\n<meta name=\"twitter:card\" content=\"summary_large_image\" \/>\n<meta name=\"twitter:label1\" content=\"Tiempo de lectura\" \/>\n\t<meta name=\"twitter:data1\" content=\"2 minutos\" \/>\n<script type=\"application\/ld+json\" class=\"yoast-schema-graph\">{\"@context\":\"https:\/\/schema.org\",\"@graph\":[{\"@type\":\"WebPage\",\"@id\":\"https:\/\/bossio-lawyers.com\/index.php\/derecho-laboral-y-seguridad-social\/\",\"url\":\"https:\/\/bossio-lawyers.com\/index.php\/derecho-laboral-y-seguridad-social\/\",\"name\":\"Derecho Laboral y Seguridad Social - Tu aliado legal en cada paso\",\"isPartOf\":{\"@id\":\"https:\/\/bossio-lawyers.com\/#website\"},\"datePublished\":\"2024-12-24T19:29:11+00:00\",\"dateModified\":\"2024-12-26T15:39:01+00:00\",\"breadcrumb\":{\"@id\":\"https:\/\/bossio-lawyers.com\/index.php\/derecho-laboral-y-seguridad-social\/#breadcrumb\"},\"inLanguage\":\"es\",\"potentialAction\":[{\"@type\":\"ReadAction\",\"target\":[\"https:\/\/bossio-lawyers.com\/index.php\/derecho-laboral-y-seguridad-social\/\"]}]},{\"@type\":\"BreadcrumbList\",\"@id\":\"https:\/\/bossio-lawyers.com\/index.php\/derecho-laboral-y-seguridad-social\/#breadcrumb\",\"itemListElement\":[{\"@type\":\"ListItem\",\"position\":1,\"name\":\"Portada\",\"item\":\"https:\/\/bossio-lawyers.com\/\"},{\"@type\":\"ListItem\",\"position\":2,\"name\":\"Derecho Laboral y Seguridad Social\"}]},{\"@type\":\"WebSite\",\"@id\":\"https:\/\/bossio-lawyers.com\/#website\",\"url\":\"https:\/\/bossio-lawyers.com\/\",\"name\":\"Bossio Lawyer\",\"description\":\"\",\"publisher\":{\"@id\":\"https:\/\/bossio-lawyers.com\/#organization\"},\"potentialAction\":[{\"@type\":\"SearchAction\",\"target\":{\"@type\":\"EntryPoint\",\"urlTemplate\":\"https:\/\/bossio-lawyers.com\/?s={search_term_string}\"},\"query-input\":{\"@type\":\"PropertyValueSpecification\",\"valueRequired\":true,\"valueName\":\"search_term_string\"}}],\"inLanguage\":\"es\"},{\"@type\":\"Organization\",\"@id\":\"https:\/\/bossio-lawyers.com\/#organization\",\"name\":\"Tu aliado legal en cada paso\",\"url\":\"https:\/\/bossio-lawyers.com\/\",\"logo\":{\"@type\":\"ImageObject\",\"inLanguage\":\"es\",\"@id\":\"https:\/\/bossio-lawyers.com\/#\/schema\/logo\/image\/\",\"url\":\"https:\/\/bossio-lawyers.com\/wp-content\/uploads\/2024\/08\/Horizontal-Dorado-Bossio.png\",\"contentUrl\":\"https:\/\/bossio-lawyers.com\/wp-content\/uploads\/2024\/08\/Horizontal-Dorado-Bossio.png\",\"width\":1430,\"height\":737,\"caption\":\"Tu aliado legal en cada paso\"},\"image\":{\"@id\":\"https:\/\/bossio-lawyers.com\/#\/schema\/logo\/image\/\"}}]}<\/script>\n<!-- \/ Yoast SEO plugin. -->","yoast_head_json":{"title":"Derecho Laboral y Seguridad Social - Tu aliado legal en cada paso","robots":{"index":"index","follow":"follow","max-snippet":"max-snippet:-1","max-image-preview":"max-image-preview:large","max-video-preview":"max-video-preview:-1"},"canonical":"https:\/\/bossio-lawyers.com\/index.php\/derecho-laboral-y-seguridad-social\/","og_locale":"es_ES","og_type":"article","og_title":"Derecho Laboral y Seguridad Social - Tu aliado legal en cada paso","og_description":"DERECHO LABORAL Y SEGURIDAD SOCIAL En nuestra firma jur\u00eddica, entendemos la importancia de garantizar condiciones laborales justas y la protecci\u00f3n [&hellip;]","og_url":"https:\/\/bossio-lawyers.com\/index.php\/derecho-laboral-y-seguridad-social\/","og_site_name":"Tu aliado legal en cada paso","article_modified_time":"2024-12-26T15:39:01+00:00","twitter_card":"summary_large_image","twitter_misc":{"Tiempo de lectura":"2 minutos"},"schema":{"@context":"https:\/\/schema.org","@graph":[{"@type":"WebPage","@id":"https:\/\/bossio-lawyers.com\/index.php\/derecho-laboral-y-seguridad-social\/","url":"https:\/\/bossio-lawyers.com\/index.php\/derecho-laboral-y-seguridad-social\/","name":"Derecho Laboral y Seguridad Social - Tu aliado legal en cada paso","isPartOf":{"@id":"https:\/\/bossio-lawyers.com\/#website"},"datePublished":"2024-12-24T19:29:11+00:00","dateModified":"2024-12-26T15:39:01+00:00","breadcrumb":{"@id":"https:\/\/bossio-lawyers.com\/index.php\/derecho-laboral-y-seguridad-social\/#breadcrumb"},"inLanguage":"es","potentialAction":[{"@type":"ReadAction","target":["https:\/\/bossio-lawyers.com\/index.php\/derecho-laboral-y-seguridad-social\/"]}]},{"@type":"BreadcrumbList","@id":"https:\/\/bossio-lawyers.com\/index.php\/derecho-laboral-y-seguridad-social\/#breadcrumb","itemListElement":[{"@type":"ListItem","position":1,"name":"Portada","item":"https:\/\/bossio-lawyers.com\/"},{"@type":"ListItem","position":2,"name":"Derecho Laboral y Seguridad Social"}]},{"@type":"WebSite","@id":"https:\/\/bossio-lawyers.com\/#website","url":"https:\/\/bossio-lawyers.com\/","name":"Bossio Lawyer","description":"","publisher":{"@id":"https:\/\/bossio-lawyers.com\/#organization"},"potentialAction":[{"@type":"SearchAction","target":{"@type":"EntryPoint","urlTemplate":"https:\/\/bossio-lawyers.com\/?s={search_term_string}"},"query-input":{"@type":"PropertyValueSpecification","valueRequired":true,"valueName":"search_term_string"}}],"inLanguage":"es"},{"@type":"Organization","@id":"https:\/\/bossio-lawyers.com\/#organization","name":"Tu aliado legal en cada paso","url":"https:\/\/bossio-lawyers.com\/","logo":{"@type":"ImageObject","inLanguage":"es","@id":"https:\/\/bossio-lawyers.com\/#\/schema\/logo\/image\/","url":"https:\/\/bossio-lawyers.com\/wp-content\/uploads\/2024\/08\/Horizontal-Dorado-Bossio.png","contentUrl":"https:\/\/bossio-lawyers.com\/wp-content\/uploads\/2024\/08\/Horizontal-Dorado-Bossio.png","width":1430,"height":737,"caption":"Tu aliado legal en cada paso"},"image":{"@id":"https:\/\/bossio-lawyers.com\/#\/schema\/logo\/image\/"}}]}},"_links":{"self":[{"href":"https:\/\/bossio-lawyers.com\/index.php\/wp-json\/wp\/v2\/pages\/1807","targetHints":{"allow":["GET"]}}],"collection":[{"href":"https:\/\/bossio-lawyers.com\/index.php\/wp-json\/wp\/v2\/pages"}],"about":[{"href":"https:\/\/bossio-lawyers.com\/index.php\/wp-json\/wp\/v2\/types\/page"}],"author":[{"embeddable":true,"href":"https:\/\/bossio-lawyers.com\/index.php\/wp-json\/wp\/v2\/users\/1"}],"replies":[{"embeddable":true,"href":"https:\/\/bossio-lawyers.com\/index.php\/wp-json\/wp\/v2\/comments?post=1807"}],"version-history":[{"count":7,"href":"https:\/\/bossio-lawyers.com\/index.php\/wp-json\/wp\/v2\/pages\/1807\/revisions"}],"predecessor-version":[{"id":1925,"href":"https:\/\/bossio-lawyers.com\/index.php\/wp-json\/wp\/v2\/pages\/1807\/revisions\/1925"}],"wp:attachment":[{"href":"https:\/\/bossio-lawyers.com\/index.php\/wp-json\/wp\/v2\/media?parent=1807"}],"curies":[{"name":"wp","href":"https:\/\/api.w.org\/{rel}","templated":true}]}}