{"id":1795,"date":"2024-12-24T19:22:58","date_gmt":"2024-12-24T19:22:58","guid":{"rendered":"https:\/\/bossio-lawyers.com\/?page_id=1795"},"modified":"2024-12-26T15:42:30","modified_gmt":"2024-12-26T15:42:30","slug":"derecho-policivo","status":"publish","type":"page","link":"https:\/\/bossio-lawyers.com\/index.php\/derecho-policivo\/","title":{"rendered":"Derecho Policivo"},"content":{"rendered":"\t\t<div data-elementor-type=\"wp-page\" data-elementor-id=\"1795\" class=\"elementor elementor-1795\" data-elementor-post-type=\"page\">\n\t\t\t\t<div class=\"elementor-element elementor-element-ec6825b e-flex e-con-boxed e-con e-parent\" data-id=\"ec6825b\" data-element_type=\"container\" data-settings=\"{&quot;background_background&quot;:&quot;classic&quot;}\">\n\t\t\t\t\t<div class=\"e-con-inner\">\n\t\t\t\t<div class=\"elementor-element elementor-element-b49c261 elementor-widget elementor-widget-spacer\" data-id=\"b49c261\" data-element_type=\"widget\" data-widget_type=\"spacer.default\">\n\t\t\t\t<div class=\"elementor-widget-container\">\n\t\t\t\t\t\t\t<div class=\"elementor-spacer\">\n\t\t\t<div class=\"elementor-spacer-inner\"><\/div>\n\t\t<\/div>\n\t\t\t\t\t\t<\/div>\n\t\t\t\t<\/div>\n\t\t\t\t\t<\/div>\n\t\t\t\t<\/div>\n\t\t<div class=\"elementor-element elementor-element-81ca414 e-flex e-con-boxed e-con e-parent\" data-id=\"81ca414\" data-element_type=\"container\" data-settings=\"{&quot;background_background&quot;:&quot;classic&quot;}\">\n\t\t\t\t\t<div class=\"e-con-inner\">\n\t\t\t\t<div class=\"elementor-element elementor-element-201268dd elementor-widget elementor-widget-heading\" data-id=\"201268dd\" data-element_type=\"widget\" data-widget_type=\"heading.default\">\n\t\t\t\t<div class=\"elementor-widget-container\">\n\t\t\t\t\t<h2 class=\"elementor-heading-title elementor-size-default\">DERECHO POLICIVO<\/h2>\t\t\t\t<\/div>\n\t\t\t\t<\/div>\n\t\t\t\t<div class=\"elementor-element elementor-element-3cded927 elementor-widget elementor-widget-text-editor\" data-id=\"3cded927\" data-element_type=\"widget\" data-widget_type=\"text-editor.default\">\n\t\t\t\t<div class=\"elementor-widget-container\">\n\t\t\t\t\t\t\t\t\t<p><span style=\"font-weight: 400;\">En nuestra firma jur\u00eddica, comprendemos la importancia del Derecho Policivo en la regulaci\u00f3n del orden p\u00fablico y la convivencia ciudadana. Este campo del derecho es fundamental para asegurar que las normas comunitarias se respeten y que las acciones de las autoridades policivas sean justas y legales. Nuestro compromiso es brindarte un apoyo cercano y emp\u00e1tico, protegiendo tus derechos y asegurando que se respeten los procedimientos legales en todo momento.<\/span><\/p>\t\t\t\t\t\t\t\t<\/div>\n\t\t\t\t<\/div>\n\t\t\t\t\t<\/div>\n\t\t\t\t<\/div>\n\t\t<div class=\"elementor-element elementor-element-65ebf410 e-flex e-con-boxed e-con e-parent\" data-id=\"65ebf410\" data-element_type=\"container\" data-settings=\"{&quot;background_background&quot;:&quot;classic&quot;}\">\n\t\t\t\t\t<div class=\"e-con-inner\">\n\t\t\t\t<div class=\"elementor-element elementor-element-2f1b683 elementor-widget elementor-widget-heading\" data-id=\"2f1b683\" data-element_type=\"widget\" data-widget_type=\"heading.default\">\n\t\t\t\t<div class=\"elementor-widget-container\">\n\t\t\t\t\t<h2 class=\"elementor-heading-title elementor-size-default\">\u00bfC\u00f3mo Te Ayudamos?<\/h2>\t\t\t\t<\/div>\n\t\t\t\t<\/div>\n\t\t\t\t<div class=\"elementor-element elementor-element-5d0d24b1 elementor-widget elementor-widget-text-editor\" data-id=\"5d0d24b1\" data-element_type=\"widget\" data-widget_type=\"text-editor.default\">\n\t\t\t\t<div class=\"elementor-widget-container\">\n\t\t\t\t\t\t\t\t\t<p><span style=\"font-weight: 400;\">Nuestro equipo de expertos en Derecho Policivo trabaja contigo de manera personalizada. Entendemos que cada situaci\u00f3n es \u00fanica y merece una atenci\u00f3n detallada y cuidadosa. Al elegirnos, no solo contratas a abogados, sino a aliados que comprenden tus preocupaciones y se comprometen a buscar la mejor soluci\u00f3n para ti.<\/span><\/p>\t\t\t\t\t\t\t\t<\/div>\n\t\t\t\t<\/div>\n\t\t\t\t\t<\/div>\n\t\t\t\t<\/div>\n\t\t<div class=\"elementor-element elementor-element-632c4da9 e-flex e-con-boxed e-con e-parent\" data-id=\"632c4da9\" data-element_type=\"container\" data-settings=\"{&quot;background_background&quot;:&quot;classic&quot;}\">\n\t\t\t\t\t<div class=\"e-con-inner\">\n\t\t\t\t<div class=\"elementor-element elementor-element-7963283a elementor-widget elementor-widget-heading\" data-id=\"7963283a\" data-element_type=\"widget\" data-widget_type=\"heading.default\">\n\t\t\t\t<div class=\"elementor-widget-container\">\n\t\t\t\t\t<h2 class=\"elementor-heading-title elementor-size-default\">SERVICIOS<\/h2>\t\t\t\t<\/div>\n\t\t\t\t<\/div>\n\t\t\t\t<div class=\"elementor-element elementor-element-7e56cf58 elementor-widget elementor-widget-text-editor\" data-id=\"7e56cf58\" data-element_type=\"widget\" data-widget_type=\"text-editor.default\">\n\t\t\t\t<div class=\"elementor-widget-container\">\n\t\t\t\t\t\t\t\t\t<ul><li style=\"font-weight: 400;\" aria-level=\"1\"><span style=\"font-weight: 400;\">Asesor\u00eda Jur\u00eddica Integral en procesos policivos.<\/span><\/li><li style=\"font-weight: 400;\" aria-level=\"1\"><span style=\"font-weight: 400;\">Procesos Policivos por Perturbaci\u00f3n a la Posesi\u00f3n y Tenencia.<\/span><\/li><li style=\"font-weight: 400;\" aria-level=\"1\"><span style=\"font-weight: 400;\">Perturbaci\u00f3n a la Servidumbre.<\/span><\/li><li style=\"font-weight: 400;\" aria-level=\"1\"><span style=\"font-weight: 400;\">Proceso Policivo de Lanzamiento por Ocupaci\u00f3n de Hecho<\/span><\/li><\/ul>\t\t\t\t\t\t\t\t<\/div>\n\t\t\t\t<\/div>\n\t\t\t\t\t<\/div>\n\t\t\t\t<\/div>\n\t\t\t\t<section class=\"elementor-section elementor-top-section elementor-element elementor-element-323385da elementor-section-boxed elementor-section-height-default elementor-section-height-default\" data-id=\"323385da\" data-element_type=\"section\" data-settings=\"{&quot;background_background&quot;:&quot;classic&quot;}\">\n\t\t\t\t\t\t\t<div class=\"elementor-background-overlay\"><\/div>\n\t\t\t\t\t\t\t<div class=\"elementor-container elementor-column-gap-default\">\n\t\t\t\t\t<div class=\"elementor-column elementor-col-100 elementor-top-column elementor-element elementor-element-43e30c1f\" data-id=\"43e30c1f\" data-element_type=\"column\">\n\t\t\t<div class=\"elementor-widget-wrap elementor-element-populated\">\n\t\t\t\t\t\t<div class=\"elementor-element elementor-element-34ca9ab4 elementor-invisible elementor-widget elementor-widget-heading\" data-id=\"34ca9ab4\" data-element_type=\"widget\" data-settings=\"{&quot;_animation&quot;:&quot;fadeInUp&quot;,&quot;_animation_delay&quot;:100}\" data-widget_type=\"heading.default\">\n\t\t\t\t<div class=\"elementor-widget-container\">\n\t\t\t\t\t<h2 class=\"elementor-heading-title elementor-size-default\">Estamos comprometidos a cuidar a los clientes<\/h2>\t\t\t\t<\/div>\n\t\t\t\t<\/div>\n\t\t\t\t<div class=\"elementor-element elementor-element-7e126726 elementor-widget elementor-widget-text-editor\" data-id=\"7e126726\" data-element_type=\"widget\" data-widget_type=\"text-editor.default\">\n\t\t\t\t<div class=\"elementor-widget-container\">\n\t\t\t\t\t\t\t\t\t<p>Ofrecemos un servicio integral de asesor\u00eda legal para ayudarte a resolver dudas, gestionar tr\u00e1mites y garantizar que tus derechos est\u00e9n protegidos. Nuestro equipo de expertos te brinda apoyo en temas civiles, laborales, comerciales y familiares, asegurando soluciones claras y eficaces adaptadas a tus necesidades.<\/p>\t\t\t\t\t\t\t\t<\/div>\n\t\t\t\t<\/div>\n\t\t\t\t<section class=\"elementor-section elementor-inner-section elementor-element elementor-element-443665da elementor-section-boxed elementor-section-height-default elementor-section-height-default\" data-id=\"443665da\" data-element_type=\"section\">\n\t\t\t\t\t\t<div class=\"elementor-container elementor-column-gap-no\">\n\t\t\t\t\t<div class=\"elementor-column elementor-col-25 elementor-inner-column elementor-element elementor-element-3d35b282\" data-id=\"3d35b282\" data-element_type=\"column\" data-settings=\"{&quot;background_background&quot;:&quot;classic&quot;}\">\n\t\t\t<div class=\"elementor-widget-wrap elementor-element-populated\">\n\t\t\t\t\t\t<div class=\"elementor-element elementor-element-39cc68a4 elementor-widget elementor-widget-jkit_fun_fact\" data-id=\"39cc68a4\" data-element_type=\"widget\" data-widget_type=\"jkit_fun_fact.default\">\n\t\t\t\t<div class=\"elementor-widget-container\">\n\t\t\t\t\t<div  class=\"jeg-elementor-kit jkit-fun-fact align-center hover-from-left elementor-animation- jeg_module___69e23d3e6409e\" ><div class=fun-fact-inner><div class=\"icon elementor-animation-\"><i aria-hidden=\"true\" class=\"jki jki-team-2-line\"><\/i><\/div>\n            <div class=\"content\">\n                <div class=\"number-wrapper\"><span class=\"prefix\"><\/span>\n        <span class=\"number\" data-value=\"400\" data-animation-duration=\"3500\">0<\/span>\n        <span class=\"suffix\"><\/span><sup class=\"super\">+<\/sup><\/div>\n                <span class=\"title\">Clientes<\/span>\n            <\/div>\n        <\/div><\/div>\t\t\t\t<\/div>\n\t\t\t\t<\/div>\n\t\t\t\t\t<\/div>\n\t\t<\/div>\n\t\t\t\t<div class=\"elementor-column elementor-col-25 elementor-inner-column elementor-element elementor-element-43674f9f\" data-id=\"43674f9f\" data-element_type=\"column\">\n\t\t\t<div class=\"elementor-widget-wrap elementor-element-populated\">\n\t\t\t\t\t\t<div class=\"elementor-element elementor-element-7e53f89a elementor-widget elementor-widget-jkit_fun_fact\" data-id=\"7e53f89a\" data-element_type=\"widget\" data-widget_type=\"jkit_fun_fact.default\">\n\t\t\t\t<div class=\"elementor-widget-container\">\n\t\t\t\t\t<div  class=\"jeg-elementor-kit jkit-fun-fact align-center hover-from-left elementor-animation- jeg_module__1_69e23d3e646cc\" ><div class=fun-fact-inner><div class=\"icon elementor-animation-\"><i aria-hidden=\"true\" class=\"jki jki-balance1-light\"><\/i><\/div>\n            <div class=\"content\">\n                <div class=\"number-wrapper\"><span class=\"prefix\"><\/span>\n        <span class=\"number\" data-value=\"600\" data-animation-duration=\"3500\">0<\/span>\n        <span class=\"suffix\"><\/span><sup class=\"super\">+<\/sup><\/div>\n                <span class=\"title\">Casos de exito<\/span>\n            <\/div>\n        <\/div><\/div>\t\t\t\t<\/div>\n\t\t\t\t<\/div>\n\t\t\t\t\t<\/div>\n\t\t<\/div>\n\t\t\t\t<div class=\"elementor-column elementor-col-25 elementor-inner-column elementor-element elementor-element-5f2b0e18\" data-id=\"5f2b0e18\" data-element_type=\"column\">\n\t\t\t<div class=\"elementor-widget-wrap elementor-element-populated\">\n\t\t\t\t\t\t<div class=\"elementor-element elementor-element-5e4095da elementor-widget elementor-widget-jkit_fun_fact\" data-id=\"5e4095da\" data-element_type=\"widget\" data-widget_type=\"jkit_fun_fact.default\">\n\t\t\t\t<div class=\"elementor-widget-container\">\n\t\t\t\t\t<div  class=\"jeg-elementor-kit jkit-fun-fact align-center hover-from-left elementor-animation- jeg_module__2_69e23d3e64928\" ><div class=fun-fact-inner><div class=\"icon elementor-animation-\"><i aria-hidden=\"true\" class=\"jki jki-badge\"><\/i><\/div>\n            <div class=\"content\">\n                <div class=\"number-wrapper\"><span class=\"prefix\"><\/span>\n        <span class=\"number\" data-value=\"25\" data-animation-duration=\"3500\">0<\/span>\n        <span class=\"suffix\"><\/span><sup class=\"super\">+<\/sup><\/div>\n                <span class=\"title\">A\u00f1os de Experiencia<\/span>\n            <\/div>\n        <\/div><\/div>\t\t\t\t<\/div>\n\t\t\t\t<\/div>\n\t\t\t\t\t<\/div>\n\t\t<\/div>\n\t\t\t\t<div class=\"elementor-column elementor-col-25 elementor-inner-column elementor-element elementor-element-4bd2cead\" data-id=\"4bd2cead\" data-element_type=\"column\">\n\t\t\t<div class=\"elementor-widget-wrap elementor-element-populated\">\n\t\t\t\t\t\t<div class=\"elementor-element elementor-element-7e671c55 elementor-widget elementor-widget-jkit_fun_fact\" data-id=\"7e671c55\" data-element_type=\"widget\" data-widget_type=\"jkit_fun_fact.default\">\n\t\t\t\t<div class=\"elementor-widget-container\">\n\t\t\t\t\t<div  class=\"jeg-elementor-kit jkit-fun-fact align-center hover-from-left elementor-animation- jeg_module__3_69e23d3e64b6d\" ><div class=fun-fact-inner><div class=\"icon elementor-animation-\"><i aria-hidden=\"true\" class=\"jki jki-man-light\"><\/i><\/div>\n            <div class=\"content\">\n                <div class=\"number-wrapper\"><span class=\"prefix\"><\/span>\n        <span class=\"number\" data-value=\"4\" data-animation-duration=\"3500\">0<\/span>\n        <span class=\"suffix\"><\/span><sup class=\"super\">+<\/sup><\/div>\n                <span class=\"title\">Profesionales a su orden<\/span>\n            <\/div>\n        <\/div><\/div>\t\t\t\t<\/div>\n\t\t\t\t<\/div>\n\t\t\t\t\t<\/div>\n\t\t<\/div>\n\t\t\t\t\t<\/div>\n\t\t<\/section>\n\t\t\t\t\t<\/div>\n\t\t<\/div>\n\t\t\t\t\t<\/div>\n\t\t<\/section>\n\t\t\t\t<\/div>\n\t\t","protected":false},"excerpt":{"rendered":"<p>DERECHO POLICIVO En nuestra firma jur\u00eddica, comprendemos la importancia del Derecho Policivo en la regulaci\u00f3n del orden p\u00fablico y la [&hellip;]<\/p>\n","protected":false},"author":1,"featured_media":0,"parent":0,"menu_order":0,"comment_status":"closed","ping_status":"closed","template":"","meta":{"site-sidebar-layout":"no-sidebar","site-content-layout":"","ast-site-content-layout":"full-width-container","site-content-style":"default","site-sidebar-style":"default","ast-global-header-display":"","ast-banner-title-visibility":"","ast-main-header-display":"","ast-hfb-above-header-display":"","ast-hfb-below-header-display":"","ast-hfb-mobile-header-display":"","site-post-title":"disabled","ast-breadcrumbs-content":"","ast-featured-img":"disabled","footer-sml-layout":"","theme-transparent-header-meta":"","adv-header-id-meta":"","stick-header-meta":"","header-above-stick-meta":"","header-main-stick-meta":"","header-below-stick-meta":"","astra-migrate-meta-layouts":"default","ast-page-background-enabled":"default","ast-page-background-meta":{"desktop":{"background-color":"var(--ast-global-color-4)","background-image":"","background-repeat":"repeat","background-position":"center center","background-size":"auto","background-attachment":"scroll","background-type":"","background-media":"","overlay-type":"","overlay-color":"","overlay-opacity":"","overlay-gradient":""},"tablet":{"background-color":"","background-image":"","background-repeat":"repeat","background-position":"center center","background-size":"auto","background-attachment":"scroll","background-type":"","background-media":"","overlay-type":"","overlay-color":"","overlay-opacity":"","overlay-gradient":""},"mobile":{"background-color":"","background-image":"","background-repeat":"repeat","background-position":"center center","background-size":"auto","background-attachment":"scroll","background-type":"","background-media":"","overlay-type":"","overlay-color":"","overlay-opacity":"","overlay-gradient":""}},"ast-content-background-meta":{"desktop":{"background-color":"var(--ast-global-color-5)","background-image":"","background-repeat":"repeat","background-position":"center center","background-size":"auto","background-attachment":"scroll","background-type":"","background-media":"","overlay-type":"","overlay-color":"","overlay-opacity":"","overlay-gradient":""},"tablet":{"background-color":"var(--ast-global-color-5)","background-image":"","background-repeat":"repeat","background-position":"center center","background-size":"auto","background-attachment":"scroll","background-type":"","background-media":"","overlay-type":"","overlay-color":"","overlay-opacity":"","overlay-gradient":""},"mobile":{"background-color":"var(--ast-global-color-5)","background-image":"","background-repeat":"repeat","background-position":"center center","background-size":"auto","background-attachment":"scroll","background-type":"","background-media":"","overlay-type":"","overlay-color":"","overlay-opacity":"","overlay-gradient":""}},"_joinchat":[],"footnotes":""},"class_list":["post-1795","page","type-page","status-publish","hentry"],"yoast_head":"<!-- This site is optimized with the Yoast SEO plugin v24.1 - https:\/\/yoast.com\/wordpress\/plugins\/seo\/ -->\n<title>Derecho Policivo - Tu aliado legal en cada paso<\/title>\n<meta name=\"robots\" content=\"index, follow, max-snippet:-1, max-image-preview:large, max-video-preview:-1\" \/>\n<link rel=\"canonical\" href=\"https:\/\/bossio-lawyers.com\/index.php\/derecho-policivo\/\" \/>\n<meta property=\"og:locale\" content=\"es_ES\" \/>\n<meta property=\"og:type\" content=\"article\" \/>\n<meta property=\"og:title\" content=\"Derecho Policivo - Tu aliado legal en cada paso\" \/>\n<meta property=\"og:description\" content=\"DERECHO POLICIVO En nuestra firma jur\u00eddica, comprendemos la importancia del Derecho Policivo en la regulaci\u00f3n del orden p\u00fablico y la [&hellip;]\" \/>\n<meta property=\"og:url\" content=\"https:\/\/bossio-lawyers.com\/index.php\/derecho-policivo\/\" \/>\n<meta property=\"og:site_name\" content=\"Tu aliado legal en cada paso\" \/>\n<meta property=\"article:modified_time\" content=\"2024-12-26T15:42:30+00:00\" \/>\n<meta name=\"twitter:card\" content=\"summary_large_image\" \/>\n<meta name=\"twitter:label1\" content=\"Tiempo de lectura\" \/>\n\t<meta name=\"twitter:data1\" content=\"1 minuto\" \/>\n<script type=\"application\/ld+json\" class=\"yoast-schema-graph\">{\"@context\":\"https:\/\/schema.org\",\"@graph\":[{\"@type\":\"WebPage\",\"@id\":\"https:\/\/bossio-lawyers.com\/index.php\/derecho-policivo\/\",\"url\":\"https:\/\/bossio-lawyers.com\/index.php\/derecho-policivo\/\",\"name\":\"Derecho Policivo - Tu aliado legal en cada paso\",\"isPartOf\":{\"@id\":\"https:\/\/bossio-lawyers.com\/#website\"},\"datePublished\":\"2024-12-24T19:22:58+00:00\",\"dateModified\":\"2024-12-26T15:42:30+00:00\",\"breadcrumb\":{\"@id\":\"https:\/\/bossio-lawyers.com\/index.php\/derecho-policivo\/#breadcrumb\"},\"inLanguage\":\"es\",\"potentialAction\":[{\"@type\":\"ReadAction\",\"target\":[\"https:\/\/bossio-lawyers.com\/index.php\/derecho-policivo\/\"]}]},{\"@type\":\"BreadcrumbList\",\"@id\":\"https:\/\/bossio-lawyers.com\/index.php\/derecho-policivo\/#breadcrumb\",\"itemListElement\":[{\"@type\":\"ListItem\",\"position\":1,\"name\":\"Portada\",\"item\":\"https:\/\/bossio-lawyers.com\/\"},{\"@type\":\"ListItem\",\"position\":2,\"name\":\"Derecho Policivo\"}]},{\"@type\":\"WebSite\",\"@id\":\"https:\/\/bossio-lawyers.com\/#website\",\"url\":\"https:\/\/bossio-lawyers.com\/\",\"name\":\"Bossio Lawyer\",\"description\":\"\",\"publisher\":{\"@id\":\"https:\/\/bossio-lawyers.com\/#organization\"},\"potentialAction\":[{\"@type\":\"SearchAction\",\"target\":{\"@type\":\"EntryPoint\",\"urlTemplate\":\"https:\/\/bossio-lawyers.com\/?s={search_term_string}\"},\"query-input\":{\"@type\":\"PropertyValueSpecification\",\"valueRequired\":true,\"valueName\":\"search_term_string\"}}],\"inLanguage\":\"es\"},{\"@type\":\"Organization\",\"@id\":\"https:\/\/bossio-lawyers.com\/#organization\",\"name\":\"Tu aliado legal en cada paso\",\"url\":\"https:\/\/bossio-lawyers.com\/\",\"logo\":{\"@type\":\"ImageObject\",\"inLanguage\":\"es\",\"@id\":\"https:\/\/bossio-lawyers.com\/#\/schema\/logo\/image\/\",\"url\":\"https:\/\/bossio-lawyers.com\/wp-content\/uploads\/2024\/08\/Horizontal-Dorado-Bossio.png\",\"contentUrl\":\"https:\/\/bossio-lawyers.com\/wp-content\/uploads\/2024\/08\/Horizontal-Dorado-Bossio.png\",\"width\":1430,\"height\":737,\"caption\":\"Tu aliado legal en cada paso\"},\"image\":{\"@id\":\"https:\/\/bossio-lawyers.com\/#\/schema\/logo\/image\/\"}}]}<\/script>\n<!-- \/ Yoast SEO plugin. -->","yoast_head_json":{"title":"Derecho Policivo - Tu aliado legal en cada paso","robots":{"index":"index","follow":"follow","max-snippet":"max-snippet:-1","max-image-preview":"max-image-preview:large","max-video-preview":"max-video-preview:-1"},"canonical":"https:\/\/bossio-lawyers.com\/index.php\/derecho-policivo\/","og_locale":"es_ES","og_type":"article","og_title":"Derecho Policivo - Tu aliado legal en cada paso","og_description":"DERECHO POLICIVO En nuestra firma jur\u00eddica, comprendemos la importancia del Derecho Policivo en la regulaci\u00f3n del orden p\u00fablico y la [&hellip;]","og_url":"https:\/\/bossio-lawyers.com\/index.php\/derecho-policivo\/","og_site_name":"Tu aliado legal en cada paso","article_modified_time":"2024-12-26T15:42:30+00:00","twitter_card":"summary_large_image","twitter_misc":{"Tiempo de lectura":"1 minuto"},"schema":{"@context":"https:\/\/schema.org","@graph":[{"@type":"WebPage","@id":"https:\/\/bossio-lawyers.com\/index.php\/derecho-policivo\/","url":"https:\/\/bossio-lawyers.com\/index.php\/derecho-policivo\/","name":"Derecho Policivo - Tu aliado legal en cada paso","isPartOf":{"@id":"https:\/\/bossio-lawyers.com\/#website"},"datePublished":"2024-12-24T19:22:58+00:00","dateModified":"2024-12-26T15:42:30+00:00","breadcrumb":{"@id":"https:\/\/bossio-lawyers.com\/index.php\/derecho-policivo\/#breadcrumb"},"inLanguage":"es","potentialAction":[{"@type":"ReadAction","target":["https:\/\/bossio-lawyers.com\/index.php\/derecho-policivo\/"]}]},{"@type":"BreadcrumbList","@id":"https:\/\/bossio-lawyers.com\/index.php\/derecho-policivo\/#breadcrumb","itemListElement":[{"@type":"ListItem","position":1,"name":"Portada","item":"https:\/\/bossio-lawyers.com\/"},{"@type":"ListItem","position":2,"name":"Derecho Policivo"}]},{"@type":"WebSite","@id":"https:\/\/bossio-lawyers.com\/#website","url":"https:\/\/bossio-lawyers.com\/","name":"Bossio Lawyer","description":"","publisher":{"@id":"https:\/\/bossio-lawyers.com\/#organization"},"potentialAction":[{"@type":"SearchAction","target":{"@type":"EntryPoint","urlTemplate":"https:\/\/bossio-lawyers.com\/?s={search_term_string}"},"query-input":{"@type":"PropertyValueSpecification","valueRequired":true,"valueName":"search_term_string"}}],"inLanguage":"es"},{"@type":"Organization","@id":"https:\/\/bossio-lawyers.com\/#organization","name":"Tu aliado legal en cada paso","url":"https:\/\/bossio-lawyers.com\/","logo":{"@type":"ImageObject","inLanguage":"es","@id":"https:\/\/bossio-lawyers.com\/#\/schema\/logo\/image\/","url":"https:\/\/bossio-lawyers.com\/wp-content\/uploads\/2024\/08\/Horizontal-Dorado-Bossio.png","contentUrl":"https:\/\/bossio-lawyers.com\/wp-content\/uploads\/2024\/08\/Horizontal-Dorado-Bossio.png","width":1430,"height":737,"caption":"Tu aliado legal en cada paso"},"image":{"@id":"https:\/\/bossio-lawyers.com\/#\/schema\/logo\/image\/"}}]}},"_links":{"self":[{"href":"https:\/\/bossio-lawyers.com\/index.php\/wp-json\/wp\/v2\/pages\/1795","targetHints":{"allow":["GET"]}}],"collection":[{"href":"https:\/\/bossio-lawyers.com\/index.php\/wp-json\/wp\/v2\/pages"}],"about":[{"href":"https:\/\/bossio-lawyers.com\/index.php\/wp-json\/wp\/v2\/types\/page"}],"author":[{"embeddable":true,"href":"https:\/\/bossio-lawyers.com\/index.php\/wp-json\/wp\/v2\/users\/1"}],"replies":[{"embeddable":true,"href":"https:\/\/bossio-lawyers.com\/index.php\/wp-json\/wp\/v2\/comments?post=1795"}],"version-history":[{"count":10,"href":"https:\/\/bossio-lawyers.com\/index.php\/wp-json\/wp\/v2\/pages\/1795\/revisions"}],"predecessor-version":[{"id":1934,"href":"https:\/\/bossio-lawyers.com\/index.php\/wp-json\/wp\/v2\/pages\/1795\/revisions\/1934"}],"wp:attachment":[{"href":"https:\/\/bossio-lawyers.com\/index.php\/wp-json\/wp\/v2\/media?parent=1795"}],"curies":[{"name":"wp","href":"https:\/\/api.w.org\/{rel}","templated":true}]}}