{"id":1788,"date":"2024-12-24T19:18:30","date_gmt":"2024-12-24T19:18:30","guid":{"rendered":"https:\/\/bossio-lawyers.com\/?page_id=1788"},"modified":"2024-12-26T15:40:41","modified_gmt":"2024-12-26T15:40:41","slug":"derecho-penal","status":"publish","type":"page","link":"https:\/\/bossio-lawyers.com\/index.php\/derecho-penal\/","title":{"rendered":"Derecho Penal"},"content":{"rendered":"\t\t<div data-elementor-type=\"wp-page\" data-elementor-id=\"1788\" class=\"elementor elementor-1788\" data-elementor-post-type=\"page\">\n\t\t\t\t<div class=\"elementor-element elementor-element-3f68386 e-flex e-con-boxed e-con e-parent\" data-id=\"3f68386\" data-element_type=\"container\" data-settings=\"{&quot;background_background&quot;:&quot;classic&quot;}\">\n\t\t\t\t\t<div class=\"e-con-inner\">\n\t\t\t\t<div class=\"elementor-element elementor-element-8cfe569 elementor-widget elementor-widget-spacer\" data-id=\"8cfe569\" data-element_type=\"widget\" data-widget_type=\"spacer.default\">\n\t\t\t\t<div class=\"elementor-widget-container\">\n\t\t\t\t\t\t\t<div class=\"elementor-spacer\">\n\t\t\t<div class=\"elementor-spacer-inner\"><\/div>\n\t\t<\/div>\n\t\t\t\t\t\t<\/div>\n\t\t\t\t<\/div>\n\t\t\t\t\t<\/div>\n\t\t\t\t<\/div>\n\t\t<div class=\"elementor-element elementor-element-30778d89 e-flex e-con-boxed e-con e-parent\" data-id=\"30778d89\" data-element_type=\"container\" data-settings=\"{&quot;background_background&quot;:&quot;classic&quot;}\">\n\t\t\t\t\t<div class=\"e-con-inner\">\n\t\t\t\t<div class=\"elementor-element elementor-element-289327c8 elementor-widget elementor-widget-heading\" data-id=\"289327c8\" data-element_type=\"widget\" data-widget_type=\"heading.default\">\n\t\t\t\t<div class=\"elementor-widget-container\">\n\t\t\t\t\t<h2 class=\"elementor-heading-title elementor-size-default\">DERECHO PENAL<\/h2>\t\t\t\t<\/div>\n\t\t\t\t<\/div>\n\t\t\t\t<div class=\"elementor-element elementor-element-5e982b90 elementor-widget elementor-widget-text-editor\" data-id=\"5e982b90\" data-element_type=\"widget\" data-widget_type=\"text-editor.default\">\n\t\t\t\t<div class=\"elementor-widget-container\">\n\t\t\t\t\t\t\t\t\t<p><span style=\"font-weight: 400;\">En nuestra firma jur\u00eddica, nos especializamos en Derecho Penal, un \u00e1rea esencial para la protecci\u00f3n de los derechos individuales frente a posibles infracciones y delitos. Sabemos que enfrentarse a un proceso penal puede ser una experiencia abrumadora y angustiante. Por eso, nuestro compromiso es brindarte un acompa\u00f1amiento cercano y emp\u00e1tico, asegur\u00e1ndonos de que recibas la mejor defensa posible.<\/span><\/p>\t\t\t\t\t\t\t\t<\/div>\n\t\t\t\t<\/div>\n\t\t\t\t\t<\/div>\n\t\t\t\t<\/div>\n\t\t<div class=\"elementor-element elementor-element-9ddbe33 e-flex e-con-boxed e-con e-parent\" data-id=\"9ddbe33\" data-element_type=\"container\" data-settings=\"{&quot;background_background&quot;:&quot;classic&quot;}\">\n\t\t\t\t\t<div class=\"e-con-inner\">\n\t\t\t\t<div class=\"elementor-element elementor-element-3cf11c3d elementor-widget elementor-widget-heading\" data-id=\"3cf11c3d\" data-element_type=\"widget\" data-widget_type=\"heading.default\">\n\t\t\t\t<div class=\"elementor-widget-container\">\n\t\t\t\t\t<h2 class=\"elementor-heading-title elementor-size-default\">\u00bfC\u00f3mo Te Ayudamos?<\/h2>\t\t\t\t<\/div>\n\t\t\t\t<\/div>\n\t\t\t\t<div class=\"elementor-element elementor-element-1296d11 elementor-widget elementor-widget-text-editor\" data-id=\"1296d11\" data-element_type=\"widget\" data-widget_type=\"text-editor.default\">\n\t\t\t\t<div class=\"elementor-widget-container\">\n\t\t\t\t\t\t\t\t\t<p><span style=\"font-weight: 400;\">Nuestro equipo de expertos en Derecho Penal trabaja contigo de manera personalizada. Cada caso es \u00fanico y merece una atenci\u00f3n detallada y cuidadosa. Al elegirnos, no solo contratas a abogados, sino a aliados que comprenden tus preocupaciones y se comprometen a buscar la mejor soluci\u00f3n para ti.<\/span><\/p>\t\t\t\t\t\t\t\t<\/div>\n\t\t\t\t<\/div>\n\t\t\t\t\t<\/div>\n\t\t\t\t<\/div>\n\t\t<div class=\"elementor-element elementor-element-23096f29 e-flex e-con-boxed e-con e-parent\" data-id=\"23096f29\" data-element_type=\"container\" data-settings=\"{&quot;background_background&quot;:&quot;classic&quot;}\">\n\t\t\t\t\t<div class=\"e-con-inner\">\n\t\t\t\t<div class=\"elementor-element elementor-element-2ac6feb6 elementor-widget elementor-widget-heading\" data-id=\"2ac6feb6\" data-element_type=\"widget\" data-widget_type=\"heading.default\">\n\t\t\t\t<div class=\"elementor-widget-container\">\n\t\t\t\t\t<h2 class=\"elementor-heading-title elementor-size-default\">SERVICIOS<\/h2>\t\t\t\t<\/div>\n\t\t\t\t<\/div>\n\t\t\t\t<div class=\"elementor-element elementor-element-30fc5244 elementor-widget elementor-widget-text-editor\" data-id=\"30fc5244\" data-element_type=\"widget\" data-widget_type=\"text-editor.default\">\n\t\t\t\t<div class=\"elementor-widget-container\">\n\t\t\t\t\t\t\t\t\t<ul><li style=\"font-weight: 400;\" aria-level=\"1\"><span style=\"font-weight: 400;\">Presentaci\u00f3n de Noticia Criminal &#8211; Denuncias Y Querellas.\u00a0<\/span><\/li><li style=\"font-weight: 400;\" aria-level=\"1\"><span style=\"font-weight: 400;\">Seguimiento e impulso de la etapa de investigaci\u00f3n y\/o indagaci\u00f3n preliminar.\u00a0<\/span><\/li><li style=\"font-weight: 400;\" aria-level=\"1\"><span style=\"font-weight: 400;\">Representaci\u00f3n y Defensa como Denunciante o Denunciado.\u00a0<\/span><\/li><li style=\"font-weight: 400;\" aria-level=\"1\"><span style=\"font-weight: 400;\">Representaci\u00f3n en audiencias preliminares ante Jueces de Control de Garant\u00edas.\u00a0<\/span><\/li><li style=\"font-weight: 400;\" aria-level=\"1\"><span style=\"font-weight: 400;\">Representaci\u00f3n en audiencias p\u00fablicas ante los Jueces de Conocimiento: imputaci\u00f3n, acusaci\u00f3n, preparatoria, juicio oral y tr\u00e1mite de incidentes de reparaci\u00f3n integral.<\/span><\/li><li style=\"font-weight: 400;\" aria-level=\"1\"><span style=\"font-weight: 400;\">Representaci\u00f3n Judicial ante los Juzgados de Ejecuci\u00f3n de Penas y Medidas de Aseguramiento. <\/span><\/li><\/ul>\t\t\t\t\t\t\t\t<\/div>\n\t\t\t\t<\/div>\n\t\t\t\t\t<\/div>\n\t\t\t\t<\/div>\n\t\t\t\t<section class=\"elementor-section elementor-top-section elementor-element elementor-element-1e95692d elementor-section-boxed elementor-section-height-default elementor-section-height-default\" data-id=\"1e95692d\" data-element_type=\"section\" data-settings=\"{&quot;background_background&quot;:&quot;classic&quot;}\">\n\t\t\t\t\t\t\t<div class=\"elementor-background-overlay\"><\/div>\n\t\t\t\t\t\t\t<div class=\"elementor-container elementor-column-gap-default\">\n\t\t\t\t\t<div class=\"elementor-column elementor-col-100 elementor-top-column elementor-element elementor-element-1f3ab\" data-id=\"1f3ab\" data-element_type=\"column\">\n\t\t\t<div class=\"elementor-widget-wrap elementor-element-populated\">\n\t\t\t\t\t\t<div class=\"elementor-element elementor-element-73685d0 elementor-invisible elementor-widget elementor-widget-heading\" data-id=\"73685d0\" data-element_type=\"widget\" data-settings=\"{&quot;_animation&quot;:&quot;fadeInUp&quot;,&quot;_animation_delay&quot;:100}\" data-widget_type=\"heading.default\">\n\t\t\t\t<div class=\"elementor-widget-container\">\n\t\t\t\t\t<h2 class=\"elementor-heading-title elementor-size-default\">Estamos comprometidos a cuidar a los clientes<\/h2>\t\t\t\t<\/div>\n\t\t\t\t<\/div>\n\t\t\t\t<div class=\"elementor-element elementor-element-3feed112 elementor-widget elementor-widget-text-editor\" data-id=\"3feed112\" data-element_type=\"widget\" data-widget_type=\"text-editor.default\">\n\t\t\t\t<div class=\"elementor-widget-container\">\n\t\t\t\t\t\t\t\t\t<p>Ofrecemos un servicio integral de asesor\u00eda legal para ayudarte a resolver dudas, gestionar tr\u00e1mites y garantizar que tus derechos est\u00e9n protegidos. Nuestro equipo de expertos te brinda apoyo en temas civiles, laborales, comerciales y familiares, asegurando soluciones claras y eficaces adaptadas a tus necesidades.<\/p>\t\t\t\t\t\t\t\t<\/div>\n\t\t\t\t<\/div>\n\t\t\t\t<section class=\"elementor-section elementor-inner-section elementor-element elementor-element-cbdcdd9 elementor-section-boxed elementor-section-height-default elementor-section-height-default\" data-id=\"cbdcdd9\" data-element_type=\"section\">\n\t\t\t\t\t\t<div class=\"elementor-container elementor-column-gap-no\">\n\t\t\t\t\t<div class=\"elementor-column elementor-col-25 elementor-inner-column elementor-element elementor-element-3ef59b0c\" data-id=\"3ef59b0c\" data-element_type=\"column\" data-settings=\"{&quot;background_background&quot;:&quot;classic&quot;}\">\n\t\t\t<div class=\"elementor-widget-wrap elementor-element-populated\">\n\t\t\t\t\t\t<div class=\"elementor-element elementor-element-6a9be6c2 elementor-widget elementor-widget-jkit_fun_fact\" data-id=\"6a9be6c2\" data-element_type=\"widget\" data-widget_type=\"jkit_fun_fact.default\">\n\t\t\t\t<div class=\"elementor-widget-container\">\n\t\t\t\t\t<div  class=\"jeg-elementor-kit jkit-fun-fact align-center hover-from-left elementor-animation- jeg_module___69e22d7a565dc\" ><div class=fun-fact-inner><div class=\"icon elementor-animation-\"><i aria-hidden=\"true\" class=\"jki jki-team-2-line\"><\/i><\/div>\n            <div class=\"content\">\n                <div class=\"number-wrapper\"><span class=\"prefix\"><\/span>\n        <span class=\"number\" data-value=\"400\" data-animation-duration=\"3500\">0<\/span>\n        <span class=\"suffix\"><\/span><sup class=\"super\">+<\/sup><\/div>\n                <span class=\"title\">Clientes<\/span>\n            <\/div>\n        <\/div><\/div>\t\t\t\t<\/div>\n\t\t\t\t<\/div>\n\t\t\t\t\t<\/div>\n\t\t<\/div>\n\t\t\t\t<div class=\"elementor-column elementor-col-25 elementor-inner-column elementor-element elementor-element-60cdc5d4\" data-id=\"60cdc5d4\" data-element_type=\"column\">\n\t\t\t<div class=\"elementor-widget-wrap elementor-element-populated\">\n\t\t\t\t\t\t<div class=\"elementor-element elementor-element-6e4266a4 elementor-widget elementor-widget-jkit_fun_fact\" data-id=\"6e4266a4\" data-element_type=\"widget\" data-widget_type=\"jkit_fun_fact.default\">\n\t\t\t\t<div class=\"elementor-widget-container\">\n\t\t\t\t\t<div  class=\"jeg-elementor-kit jkit-fun-fact align-center hover-from-left elementor-animation- jeg_module__1_69e22d7a56e6c\" ><div class=fun-fact-inner><div class=\"icon elementor-animation-\"><i aria-hidden=\"true\" class=\"jki jki-balance1-light\"><\/i><\/div>\n            <div class=\"content\">\n                <div class=\"number-wrapper\"><span class=\"prefix\"><\/span>\n        <span class=\"number\" data-value=\"600\" data-animation-duration=\"3500\">0<\/span>\n        <span class=\"suffix\"><\/span><sup class=\"super\">+<\/sup><\/div>\n                <span class=\"title\">Casos de exito<\/span>\n            <\/div>\n        <\/div><\/div>\t\t\t\t<\/div>\n\t\t\t\t<\/div>\n\t\t\t\t\t<\/div>\n\t\t<\/div>\n\t\t\t\t<div class=\"elementor-column elementor-col-25 elementor-inner-column elementor-element elementor-element-64ca5a52\" data-id=\"64ca5a52\" data-element_type=\"column\">\n\t\t\t<div class=\"elementor-widget-wrap elementor-element-populated\">\n\t\t\t\t\t\t<div class=\"elementor-element elementor-element-4318cd28 elementor-widget elementor-widget-jkit_fun_fact\" data-id=\"4318cd28\" data-element_type=\"widget\" data-widget_type=\"jkit_fun_fact.default\">\n\t\t\t\t<div class=\"elementor-widget-container\">\n\t\t\t\t\t<div  class=\"jeg-elementor-kit jkit-fun-fact align-center hover-from-left elementor-animation- jeg_module__2_69e22d7a570e1\" ><div class=fun-fact-inner><div class=\"icon elementor-animation-\"><i aria-hidden=\"true\" class=\"jki jki-badge\"><\/i><\/div>\n            <div class=\"content\">\n                <div class=\"number-wrapper\"><span class=\"prefix\"><\/span>\n        <span class=\"number\" data-value=\"25\" data-animation-duration=\"3500\">0<\/span>\n        <span class=\"suffix\"><\/span><sup class=\"super\">+<\/sup><\/div>\n                <span class=\"title\">A\u00f1os de Experiencia<\/span>\n            <\/div>\n        <\/div><\/div>\t\t\t\t<\/div>\n\t\t\t\t<\/div>\n\t\t\t\t\t<\/div>\n\t\t<\/div>\n\t\t\t\t<div class=\"elementor-column elementor-col-25 elementor-inner-column elementor-element elementor-element-78fadc4c\" data-id=\"78fadc4c\" data-element_type=\"column\">\n\t\t\t<div class=\"elementor-widget-wrap elementor-element-populated\">\n\t\t\t\t\t\t<div class=\"elementor-element elementor-element-36c302a2 elementor-widget elementor-widget-jkit_fun_fact\" data-id=\"36c302a2\" data-element_type=\"widget\" data-widget_type=\"jkit_fun_fact.default\">\n\t\t\t\t<div class=\"elementor-widget-container\">\n\t\t\t\t\t<div  class=\"jeg-elementor-kit jkit-fun-fact align-center hover-from-left elementor-animation- jeg_module__3_69e22d7a57326\" ><div class=fun-fact-inner><div class=\"icon elementor-animation-\"><i aria-hidden=\"true\" class=\"jki jki-man-light\"><\/i><\/div>\n            <div class=\"content\">\n                <div class=\"number-wrapper\"><span class=\"prefix\"><\/span>\n        <span class=\"number\" data-value=\"4\" data-animation-duration=\"3500\">0<\/span>\n        <span class=\"suffix\"><\/span><sup class=\"super\">+<\/sup><\/div>\n                <span class=\"title\">Profesionales a su orden<\/span>\n            <\/div>\n        <\/div><\/div>\t\t\t\t<\/div>\n\t\t\t\t<\/div>\n\t\t\t\t\t<\/div>\n\t\t<\/div>\n\t\t\t\t\t<\/div>\n\t\t<\/section>\n\t\t\t\t\t<\/div>\n\t\t<\/div>\n\t\t\t\t\t<\/div>\n\t\t<\/section>\n\t\t\t\t<\/div>\n\t\t","protected":false},"excerpt":{"rendered":"<p>DERECHO PENAL En nuestra firma jur\u00eddica, nos especializamos en Derecho Penal, un \u00e1rea esencial para la protecci\u00f3n de los derechos [&hellip;]<\/p>\n","protected":false},"author":1,"featured_media":0,"parent":0,"menu_order":0,"comment_status":"closed","ping_status":"closed","template":"","meta":{"site-sidebar-layout":"no-sidebar","site-content-layout":"","ast-site-content-layout":"full-width-container","site-content-style":"default","site-sidebar-style":"default","ast-global-header-display":"","ast-banner-title-visibility":"","ast-main-header-display":"","ast-hfb-above-header-display":"","ast-hfb-below-header-display":"","ast-hfb-mobile-header-display":"","site-post-title":"disabled","ast-breadcrumbs-content":"","ast-featured-img":"disabled","footer-sml-layout":"","theme-transparent-header-meta":"","adv-header-id-meta":"","stick-header-meta":"","header-above-stick-meta":"","header-main-stick-meta":"","header-below-stick-meta":"","astra-migrate-meta-layouts":"default","ast-page-background-enabled":"default","ast-page-background-meta":{"desktop":{"background-color":"var(--ast-global-color-4)","background-image":"","background-repeat":"repeat","background-position":"center center","background-size":"auto","background-attachment":"scroll","background-type":"","background-media":"","overlay-type":"","overlay-color":"","overlay-opacity":"","overlay-gradient":""},"tablet":{"background-color":"","background-image":"","background-repeat":"repeat","background-position":"center center","background-size":"auto","background-attachment":"scroll","background-type":"","background-media":"","overlay-type":"","overlay-color":"","overlay-opacity":"","overlay-gradient":""},"mobile":{"background-color":"","background-image":"","background-repeat":"repeat","background-position":"center center","background-size":"auto","background-attachment":"scroll","background-type":"","background-media":"","overlay-type":"","overlay-color":"","overlay-opacity":"","overlay-gradient":""}},"ast-content-background-meta":{"desktop":{"background-color":"var(--ast-global-color-5)","background-image":"","background-repeat":"repeat","background-position":"center center","background-size":"auto","background-attachment":"scroll","background-type":"","background-media":"","overlay-type":"","overlay-color":"","overlay-opacity":"","overlay-gradient":""},"tablet":{"background-color":"var(--ast-global-color-5)","background-image":"","background-repeat":"repeat","background-position":"center center","background-size":"auto","background-attachment":"scroll","background-type":"","background-media":"","overlay-type":"","overlay-color":"","overlay-opacity":"","overlay-gradient":""},"mobile":{"background-color":"var(--ast-global-color-5)","background-image":"","background-repeat":"repeat","background-position":"center center","background-size":"auto","background-attachment":"scroll","background-type":"","background-media":"","overlay-type":"","overlay-color":"","overlay-opacity":"","overlay-gradient":""}},"_joinchat":[],"footnotes":""},"class_list":["post-1788","page","type-page","status-publish","hentry"],"yoast_head":"<!-- This site is optimized with the Yoast SEO plugin v24.1 - https:\/\/yoast.com\/wordpress\/plugins\/seo\/ -->\n<title>Derecho Penal - Tu aliado legal en cada paso<\/title>\n<meta name=\"robots\" content=\"index, follow, max-snippet:-1, max-image-preview:large, max-video-preview:-1\" \/>\n<link rel=\"canonical\" href=\"https:\/\/bossio-lawyers.com\/index.php\/derecho-penal\/\" \/>\n<meta property=\"og:locale\" content=\"es_ES\" \/>\n<meta property=\"og:type\" content=\"article\" \/>\n<meta property=\"og:title\" content=\"Derecho Penal - Tu aliado legal en cada paso\" \/>\n<meta property=\"og:description\" content=\"DERECHO PENAL En nuestra firma jur\u00eddica, nos especializamos en Derecho Penal, un \u00e1rea esencial para la protecci\u00f3n de los derechos [&hellip;]\" \/>\n<meta property=\"og:url\" content=\"https:\/\/bossio-lawyers.com\/index.php\/derecho-penal\/\" \/>\n<meta property=\"og:site_name\" content=\"Tu aliado legal en cada paso\" \/>\n<meta property=\"article:modified_time\" content=\"2024-12-26T15:40:41+00:00\" \/>\n<meta name=\"twitter:card\" content=\"summary_large_image\" \/>\n<meta name=\"twitter:label1\" content=\"Tiempo de lectura\" \/>\n\t<meta name=\"twitter:data1\" content=\"2 minutos\" \/>\n<script type=\"application\/ld+json\" class=\"yoast-schema-graph\">{\"@context\":\"https:\/\/schema.org\",\"@graph\":[{\"@type\":\"WebPage\",\"@id\":\"https:\/\/bossio-lawyers.com\/index.php\/derecho-penal\/\",\"url\":\"https:\/\/bossio-lawyers.com\/index.php\/derecho-penal\/\",\"name\":\"Derecho Penal - Tu aliado legal en cada paso\",\"isPartOf\":{\"@id\":\"https:\/\/bossio-lawyers.com\/#website\"},\"datePublished\":\"2024-12-24T19:18:30+00:00\",\"dateModified\":\"2024-12-26T15:40:41+00:00\",\"breadcrumb\":{\"@id\":\"https:\/\/bossio-lawyers.com\/index.php\/derecho-penal\/#breadcrumb\"},\"inLanguage\":\"es\",\"potentialAction\":[{\"@type\":\"ReadAction\",\"target\":[\"https:\/\/bossio-lawyers.com\/index.php\/derecho-penal\/\"]}]},{\"@type\":\"BreadcrumbList\",\"@id\":\"https:\/\/bossio-lawyers.com\/index.php\/derecho-penal\/#breadcrumb\",\"itemListElement\":[{\"@type\":\"ListItem\",\"position\":1,\"name\":\"Portada\",\"item\":\"https:\/\/bossio-lawyers.com\/\"},{\"@type\":\"ListItem\",\"position\":2,\"name\":\"Derecho Penal\"}]},{\"@type\":\"WebSite\",\"@id\":\"https:\/\/bossio-lawyers.com\/#website\",\"url\":\"https:\/\/bossio-lawyers.com\/\",\"name\":\"Bossio Lawyer\",\"description\":\"\",\"publisher\":{\"@id\":\"https:\/\/bossio-lawyers.com\/#organization\"},\"potentialAction\":[{\"@type\":\"SearchAction\",\"target\":{\"@type\":\"EntryPoint\",\"urlTemplate\":\"https:\/\/bossio-lawyers.com\/?s={search_term_string}\"},\"query-input\":{\"@type\":\"PropertyValueSpecification\",\"valueRequired\":true,\"valueName\":\"search_term_string\"}}],\"inLanguage\":\"es\"},{\"@type\":\"Organization\",\"@id\":\"https:\/\/bossio-lawyers.com\/#organization\",\"name\":\"Tu aliado legal en cada paso\",\"url\":\"https:\/\/bossio-lawyers.com\/\",\"logo\":{\"@type\":\"ImageObject\",\"inLanguage\":\"es\",\"@id\":\"https:\/\/bossio-lawyers.com\/#\/schema\/logo\/image\/\",\"url\":\"https:\/\/bossio-lawyers.com\/wp-content\/uploads\/2024\/08\/Horizontal-Dorado-Bossio.png\",\"contentUrl\":\"https:\/\/bossio-lawyers.com\/wp-content\/uploads\/2024\/08\/Horizontal-Dorado-Bossio.png\",\"width\":1430,\"height\":737,\"caption\":\"Tu aliado legal en cada paso\"},\"image\":{\"@id\":\"https:\/\/bossio-lawyers.com\/#\/schema\/logo\/image\/\"}}]}<\/script>\n<!-- \/ Yoast SEO plugin. -->","yoast_head_json":{"title":"Derecho Penal - Tu aliado legal en cada paso","robots":{"index":"index","follow":"follow","max-snippet":"max-snippet:-1","max-image-preview":"max-image-preview:large","max-video-preview":"max-video-preview:-1"},"canonical":"https:\/\/bossio-lawyers.com\/index.php\/derecho-penal\/","og_locale":"es_ES","og_type":"article","og_title":"Derecho Penal - Tu aliado legal en cada paso","og_description":"DERECHO PENAL En nuestra firma jur\u00eddica, nos especializamos en Derecho Penal, un \u00e1rea esencial para la protecci\u00f3n de los derechos [&hellip;]","og_url":"https:\/\/bossio-lawyers.com\/index.php\/derecho-penal\/","og_site_name":"Tu aliado legal en cada paso","article_modified_time":"2024-12-26T15:40:41+00:00","twitter_card":"summary_large_image","twitter_misc":{"Tiempo de lectura":"2 minutos"},"schema":{"@context":"https:\/\/schema.org","@graph":[{"@type":"WebPage","@id":"https:\/\/bossio-lawyers.com\/index.php\/derecho-penal\/","url":"https:\/\/bossio-lawyers.com\/index.php\/derecho-penal\/","name":"Derecho Penal - Tu aliado legal en cada paso","isPartOf":{"@id":"https:\/\/bossio-lawyers.com\/#website"},"datePublished":"2024-12-24T19:18:30+00:00","dateModified":"2024-12-26T15:40:41+00:00","breadcrumb":{"@id":"https:\/\/bossio-lawyers.com\/index.php\/derecho-penal\/#breadcrumb"},"inLanguage":"es","potentialAction":[{"@type":"ReadAction","target":["https:\/\/bossio-lawyers.com\/index.php\/derecho-penal\/"]}]},{"@type":"BreadcrumbList","@id":"https:\/\/bossio-lawyers.com\/index.php\/derecho-penal\/#breadcrumb","itemListElement":[{"@type":"ListItem","position":1,"name":"Portada","item":"https:\/\/bossio-lawyers.com\/"},{"@type":"ListItem","position":2,"name":"Derecho Penal"}]},{"@type":"WebSite","@id":"https:\/\/bossio-lawyers.com\/#website","url":"https:\/\/bossio-lawyers.com\/","name":"Bossio Lawyer","description":"","publisher":{"@id":"https:\/\/bossio-lawyers.com\/#organization"},"potentialAction":[{"@type":"SearchAction","target":{"@type":"EntryPoint","urlTemplate":"https:\/\/bossio-lawyers.com\/?s={search_term_string}"},"query-input":{"@type":"PropertyValueSpecification","valueRequired":true,"valueName":"search_term_string"}}],"inLanguage":"es"},{"@type":"Organization","@id":"https:\/\/bossio-lawyers.com\/#organization","name":"Tu aliado legal en cada paso","url":"https:\/\/bossio-lawyers.com\/","logo":{"@type":"ImageObject","inLanguage":"es","@id":"https:\/\/bossio-lawyers.com\/#\/schema\/logo\/image\/","url":"https:\/\/bossio-lawyers.com\/wp-content\/uploads\/2024\/08\/Horizontal-Dorado-Bossio.png","contentUrl":"https:\/\/bossio-lawyers.com\/wp-content\/uploads\/2024\/08\/Horizontal-Dorado-Bossio.png","width":1430,"height":737,"caption":"Tu aliado legal en cada paso"},"image":{"@id":"https:\/\/bossio-lawyers.com\/#\/schema\/logo\/image\/"}}]}},"_links":{"self":[{"href":"https:\/\/bossio-lawyers.com\/index.php\/wp-json\/wp\/v2\/pages\/1788","targetHints":{"allow":["GET"]}}],"collection":[{"href":"https:\/\/bossio-lawyers.com\/index.php\/wp-json\/wp\/v2\/pages"}],"about":[{"href":"https:\/\/bossio-lawyers.com\/index.php\/wp-json\/wp\/v2\/types\/page"}],"author":[{"embeddable":true,"href":"https:\/\/bossio-lawyers.com\/index.php\/wp-json\/wp\/v2\/users\/1"}],"replies":[{"embeddable":true,"href":"https:\/\/bossio-lawyers.com\/index.php\/wp-json\/wp\/v2\/comments?post=1788"}],"version-history":[{"count":7,"href":"https:\/\/bossio-lawyers.com\/index.php\/wp-json\/wp\/v2\/pages\/1788\/revisions"}],"predecessor-version":[{"id":1928,"href":"https:\/\/bossio-lawyers.com\/index.php\/wp-json\/wp\/v2\/pages\/1788\/revisions\/1928"}],"wp:attachment":[{"href":"https:\/\/bossio-lawyers.com\/index.php\/wp-json\/wp\/v2\/media?parent=1788"}],"curies":[{"name":"wp","href":"https:\/\/api.w.org\/{rel}","templated":true}]}}