{"id":1776,"date":"2024-12-24T19:07:44","date_gmt":"2024-12-24T19:07:44","guid":{"rendered":"https:\/\/bossio-lawyers.com\/?page_id=1776"},"modified":"2024-12-26T15:31:38","modified_gmt":"2024-12-26T15:31:38","slug":"derecho-administrativo","status":"publish","type":"page","link":"https:\/\/bossio-lawyers.com\/index.php\/derecho-administrativo\/","title":{"rendered":"Derecho Administrativo"},"content":{"rendered":"\t\t<div data-elementor-type=\"wp-page\" data-elementor-id=\"1776\" class=\"elementor elementor-1776\" data-elementor-post-type=\"page\">\n\t\t\t\t<div class=\"elementor-element elementor-element-d386eeb e-flex e-con-boxed e-con e-parent\" data-id=\"d386eeb\" data-element_type=\"container\" data-settings=\"{&quot;background_background&quot;:&quot;classic&quot;}\">\n\t\t\t\t\t<div class=\"e-con-inner\">\n\t\t\t\t<div class=\"elementor-element elementor-element-f7d7797 elementor-widget elementor-widget-spacer\" data-id=\"f7d7797\" data-element_type=\"widget\" data-widget_type=\"spacer.default\">\n\t\t\t\t<div class=\"elementor-widget-container\">\n\t\t\t\t\t\t\t<div class=\"elementor-spacer\">\n\t\t\t<div class=\"elementor-spacer-inner\"><\/div>\n\t\t<\/div>\n\t\t\t\t\t\t<\/div>\n\t\t\t\t<\/div>\n\t\t\t\t\t<\/div>\n\t\t\t\t<\/div>\n\t\t<div class=\"elementor-element elementor-element-3bc504a e-flex e-con-boxed e-con e-parent\" data-id=\"3bc504a\" data-element_type=\"container\" data-settings=\"{&quot;background_background&quot;:&quot;classic&quot;}\">\n\t\t\t\t\t<div class=\"e-con-inner\">\n\t\t\t\t<div class=\"elementor-element elementor-element-507b025 elementor-widget elementor-widget-heading\" data-id=\"507b025\" data-element_type=\"widget\" data-widget_type=\"heading.default\">\n\t\t\t\t<div class=\"elementor-widget-container\">\n\t\t\t\t\t<h2 class=\"elementor-heading-title elementor-size-default\">DERECHO ADMINISTRATIVO<\/h2>\t\t\t\t<\/div>\n\t\t\t\t<\/div>\n\t\t\t\t<div class=\"elementor-element elementor-element-0f2c8bc elementor-widget elementor-widget-text-editor\" data-id=\"0f2c8bc\" data-element_type=\"widget\" data-widget_type=\"text-editor.default\">\n\t\t\t\t<div class=\"elementor-widget-container\">\n\t\t\t\t\t\t\t\t\t<p><span style=\"font-weight: 400;\">Administrativo, un \u00e1rea crucial que regula la relaci\u00f3n entre las entidades p\u00fablicas y los ciudadanos. Entendemos que navegar por los procedimientos administrativos puede ser complejo y, en muchas ocasiones, estresante. Por eso, nuestro enfoque es siempre cercano y emp\u00e1tico, buscando acompa\u00f1arte y asesorarte en cada paso del proceso.<\/span><\/p>\t\t\t\t\t\t\t\t<\/div>\n\t\t\t\t<\/div>\n\t\t\t\t\t<\/div>\n\t\t\t\t<\/div>\n\t\t<div class=\"elementor-element elementor-element-f0043dd e-flex e-con-boxed e-con e-parent\" data-id=\"f0043dd\" data-element_type=\"container\" data-settings=\"{&quot;background_background&quot;:&quot;classic&quot;}\">\n\t\t\t\t\t<div class=\"e-con-inner\">\n\t\t\t\t<div class=\"elementor-element elementor-element-20772d1 elementor-widget elementor-widget-heading\" data-id=\"20772d1\" data-element_type=\"widget\" data-widget_type=\"heading.default\">\n\t\t\t\t<div class=\"elementor-widget-container\">\n\t\t\t\t\t<h2 class=\"elementor-heading-title elementor-size-default\">\u00bfC\u00f3mo Te Ayudamos?<\/h2>\t\t\t\t<\/div>\n\t\t\t\t<\/div>\n\t\t\t\t<div class=\"elementor-element elementor-element-af1d48f elementor-widget elementor-widget-text-editor\" data-id=\"af1d48f\" data-element_type=\"widget\" data-widget_type=\"text-editor.default\">\n\t\t\t\t<div class=\"elementor-widget-container\">\n\t\t\t\t\t\t\t\t\t<p><span style=\"font-weight: 400;\">Nuestro equipo de expertos en Derecho Administrativo trabaja contigo de manera personalizada. Entendemos que cada caso es \u00fanico y merece una atenci\u00f3n detallada y cuidadosa. Al elegirnos, no solo contratas a abogados, sino a aliados que comprenden tus preocupaciones y se comprometen a buscar la mejor soluci\u00f3n para ti.<\/span><\/p>\t\t\t\t\t\t\t\t<\/div>\n\t\t\t\t<\/div>\n\t\t\t\t\t<\/div>\n\t\t\t\t<\/div>\n\t\t<div class=\"elementor-element elementor-element-8699006 e-flex e-con-boxed e-con e-parent\" data-id=\"8699006\" data-element_type=\"container\" data-settings=\"{&quot;background_background&quot;:&quot;classic&quot;}\">\n\t\t\t\t\t<div class=\"e-con-inner\">\n\t\t\t\t<div class=\"elementor-element elementor-element-c7cdcff elementor-widget elementor-widget-heading\" data-id=\"c7cdcff\" data-element_type=\"widget\" data-widget_type=\"heading.default\">\n\t\t\t\t<div class=\"elementor-widget-container\">\n\t\t\t\t\t<h2 class=\"elementor-heading-title elementor-size-default\">SERVICIOS<\/h2>\t\t\t\t<\/div>\n\t\t\t\t<\/div>\n\t\t\t\t<div class=\"elementor-element elementor-element-f9d39f7 elementor-widget elementor-widget-text-editor\" data-id=\"f9d39f7\" data-element_type=\"widget\" data-widget_type=\"text-editor.default\">\n\t\t\t\t<div class=\"elementor-widget-container\">\n\t\t\t\t\t\t\t\t\t<ul><li style=\"font-weight: 400;\" aria-level=\"1\"><span style=\"font-weight: 400;\">Solicitudes y Reclamaciones Administrativas<\/span><\/li><li style=\"font-weight: 400;\" aria-level=\"1\"><span style=\"font-weight: 400;\">Acciones Constitucionales (Tutelas, Acciones Populares, Acciones de Cumplimiento, Acci\u00f3n P\u00fablica de Inconstitucionalidad, acci\u00f3n de Nulidad por Inconstitucionalidad.<\/span><\/li><li style=\"font-weight: 400;\" aria-level=\"1\"><span style=\"font-weight: 400;\">Medios de Control (reparaci\u00f3n directa, nulidad simple, nulidad, restablecimiento del derecho, controversias contractuales).<\/span><\/li><li style=\"font-weight: 400;\" aria-level=\"1\"><span style=\"font-weight: 400;\">Nulidad Electoral.<\/span><\/li><li style=\"font-weight: 400;\" aria-level=\"1\"><span style=\"font-weight: 400;\">Responsabilidad Contractual y Extra Contractual del Estado.\u00a0<\/span><\/li><li style=\"font-weight: 400;\" aria-level=\"1\"><span style=\"font-weight: 400;\">Responsabilidad M\u00e9dica.<\/span><\/li><li style=\"font-weight: 400;\" aria-level=\"1\"><span style=\"font-weight: 400;\">Procesos de Repetici\u00f3n para entidades p\u00fablicas y defensa de exfuncionarios.<\/span><\/li><li style=\"font-weight: 400;\" aria-level=\"1\"><span style=\"font-weight: 400;\">Elaboraci\u00f3n y presentaci\u00f3n de Conciliaci\u00f3n Extrajudicial ante Procuradur\u00eda. <\/span><\/li><\/ul>\t\t\t\t\t\t\t\t<\/div>\n\t\t\t\t<\/div>\n\t\t\t\t\t<\/div>\n\t\t\t\t<\/div>\n\t\t\t\t<section class=\"elementor-section elementor-top-section elementor-element elementor-element-2d7b9d15 elementor-section-boxed elementor-section-height-default elementor-section-height-default\" data-id=\"2d7b9d15\" data-element_type=\"section\" data-settings=\"{&quot;background_background&quot;:&quot;classic&quot;}\">\n\t\t\t\t\t\t\t<div class=\"elementor-background-overlay\"><\/div>\n\t\t\t\t\t\t\t<div class=\"elementor-container elementor-column-gap-default\">\n\t\t\t\t\t<div class=\"elementor-column elementor-col-100 elementor-top-column elementor-element elementor-element-1dfe3571\" data-id=\"1dfe3571\" data-element_type=\"column\">\n\t\t\t<div class=\"elementor-widget-wrap elementor-element-populated\">\n\t\t\t\t\t\t<div class=\"elementor-element elementor-element-b2f636c elementor-invisible elementor-widget elementor-widget-heading\" data-id=\"b2f636c\" data-element_type=\"widget\" data-settings=\"{&quot;_animation&quot;:&quot;fadeInUp&quot;,&quot;_animation_delay&quot;:100}\" data-widget_type=\"heading.default\">\n\t\t\t\t<div class=\"elementor-widget-container\">\n\t\t\t\t\t<h2 class=\"elementor-heading-title elementor-size-default\">Estamos comprometidos a cuidar a los clientes<\/h2>\t\t\t\t<\/div>\n\t\t\t\t<\/div>\n\t\t\t\t<div class=\"elementor-element elementor-element-60f70cd9 elementor-widget elementor-widget-text-editor\" data-id=\"60f70cd9\" data-element_type=\"widget\" data-widget_type=\"text-editor.default\">\n\t\t\t\t<div class=\"elementor-widget-container\">\n\t\t\t\t\t\t\t\t\t<p>Ofrecemos un servicio integral de asesor\u00eda legal para ayudarte a resolver dudas, gestionar tr\u00e1mites y garantizar que tus derechos est\u00e9n protegidos. Nuestro equipo de expertos te brinda apoyo en temas civiles, laborales, comerciales y familiares, asegurando soluciones claras y eficaces adaptadas a tus necesidades.<\/p>\t\t\t\t\t\t\t\t<\/div>\n\t\t\t\t<\/div>\n\t\t\t\t<section class=\"elementor-section elementor-inner-section elementor-element elementor-element-4a4f4b51 elementor-section-boxed elementor-section-height-default elementor-section-height-default\" data-id=\"4a4f4b51\" data-element_type=\"section\">\n\t\t\t\t\t\t<div class=\"elementor-container elementor-column-gap-no\">\n\t\t\t\t\t<div class=\"elementor-column elementor-col-25 elementor-inner-column elementor-element elementor-element-6f6519f9\" data-id=\"6f6519f9\" data-element_type=\"column\" data-settings=\"{&quot;background_background&quot;:&quot;classic&quot;}\">\n\t\t\t<div class=\"elementor-widget-wrap elementor-element-populated\">\n\t\t\t\t\t\t<div class=\"elementor-element elementor-element-32a1726d elementor-widget elementor-widget-jkit_fun_fact\" data-id=\"32a1726d\" data-element_type=\"widget\" data-widget_type=\"jkit_fun_fact.default\">\n\t\t\t\t<div class=\"elementor-widget-container\">\n\t\t\t\t\t<div  class=\"jeg-elementor-kit jkit-fun-fact align-center hover-from-left elementor-animation- jeg_module___69e22bb8368d0\" ><div class=fun-fact-inner><div class=\"icon elementor-animation-\"><i aria-hidden=\"true\" class=\"jki jki-team-2-line\"><\/i><\/div>\n            <div class=\"content\">\n                <div class=\"number-wrapper\"><span class=\"prefix\"><\/span>\n        <span class=\"number\" data-value=\"400\" data-animation-duration=\"3500\">0<\/span>\n        <span class=\"suffix\"><\/span><sup class=\"super\">+<\/sup><\/div>\n                <span class=\"title\">Clientes<\/span>\n            <\/div>\n        <\/div><\/div>\t\t\t\t<\/div>\n\t\t\t\t<\/div>\n\t\t\t\t\t<\/div>\n\t\t<\/div>\n\t\t\t\t<div class=\"elementor-column elementor-col-25 elementor-inner-column elementor-element elementor-element-38437de9\" data-id=\"38437de9\" data-element_type=\"column\">\n\t\t\t<div class=\"elementor-widget-wrap elementor-element-populated\">\n\t\t\t\t\t\t<div class=\"elementor-element elementor-element-78c89e1e elementor-widget elementor-widget-jkit_fun_fact\" data-id=\"78c89e1e\" data-element_type=\"widget\" data-widget_type=\"jkit_fun_fact.default\">\n\t\t\t\t<div class=\"elementor-widget-container\">\n\t\t\t\t\t<div  class=\"jeg-elementor-kit jkit-fun-fact align-center hover-from-left elementor-animation- jeg_module__1_69e22bb836d36\" ><div class=fun-fact-inner><div class=\"icon elementor-animation-\"><i aria-hidden=\"true\" class=\"jki jki-balance1-light\"><\/i><\/div>\n            <div class=\"content\">\n                <div class=\"number-wrapper\"><span class=\"prefix\"><\/span>\n        <span class=\"number\" data-value=\"600\" data-animation-duration=\"3500\">0<\/span>\n        <span class=\"suffix\"><\/span><sup class=\"super\">+<\/sup><\/div>\n                <span class=\"title\">Casos de exito<\/span>\n            <\/div>\n        <\/div><\/div>\t\t\t\t<\/div>\n\t\t\t\t<\/div>\n\t\t\t\t\t<\/div>\n\t\t<\/div>\n\t\t\t\t<div class=\"elementor-column elementor-col-25 elementor-inner-column elementor-element elementor-element-192f103a\" data-id=\"192f103a\" data-element_type=\"column\">\n\t\t\t<div class=\"elementor-widget-wrap elementor-element-populated\">\n\t\t\t\t\t\t<div class=\"elementor-element elementor-element-5a574e6c elementor-widget elementor-widget-jkit_fun_fact\" data-id=\"5a574e6c\" data-element_type=\"widget\" data-widget_type=\"jkit_fun_fact.default\">\n\t\t\t\t<div class=\"elementor-widget-container\">\n\t\t\t\t\t<div  class=\"jeg-elementor-kit jkit-fun-fact align-center hover-from-left elementor-animation- jeg_module__2_69e22bb836fc4\" ><div class=fun-fact-inner><div class=\"icon elementor-animation-\"><i aria-hidden=\"true\" class=\"jki jki-badge\"><\/i><\/div>\n            <div class=\"content\">\n                <div class=\"number-wrapper\"><span class=\"prefix\"><\/span>\n        <span class=\"number\" data-value=\"25\" data-animation-duration=\"3500\">0<\/span>\n        <span class=\"suffix\"><\/span><sup class=\"super\">+<\/sup><\/div>\n                <span class=\"title\">A\u00f1os de Experiencia<\/span>\n            <\/div>\n        <\/div><\/div>\t\t\t\t<\/div>\n\t\t\t\t<\/div>\n\t\t\t\t\t<\/div>\n\t\t<\/div>\n\t\t\t\t<div class=\"elementor-column elementor-col-25 elementor-inner-column elementor-element elementor-element-5d269e9a\" data-id=\"5d269e9a\" data-element_type=\"column\">\n\t\t\t<div class=\"elementor-widget-wrap elementor-element-populated\">\n\t\t\t\t\t\t<div class=\"elementor-element elementor-element-4e15fda8 elementor-widget elementor-widget-jkit_fun_fact\" data-id=\"4e15fda8\" data-element_type=\"widget\" data-widget_type=\"jkit_fun_fact.default\">\n\t\t\t\t<div class=\"elementor-widget-container\">\n\t\t\t\t\t<div  class=\"jeg-elementor-kit jkit-fun-fact align-center hover-from-left elementor-animation- jeg_module__3_69e22bb83722c\" ><div class=fun-fact-inner><div class=\"icon elementor-animation-\"><i aria-hidden=\"true\" class=\"jki jki-man-light\"><\/i><\/div>\n            <div class=\"content\">\n                <div class=\"number-wrapper\"><span class=\"prefix\"><\/span>\n        <span class=\"number\" data-value=\"4\" data-animation-duration=\"3500\">0<\/span>\n        <span class=\"suffix\"><\/span><sup class=\"super\">+<\/sup><\/div>\n                <span class=\"title\">Profesionales a su orden<\/span>\n            <\/div>\n        <\/div><\/div>\t\t\t\t<\/div>\n\t\t\t\t<\/div>\n\t\t\t\t\t<\/div>\n\t\t<\/div>\n\t\t\t\t\t<\/div>\n\t\t<\/section>\n\t\t\t\t\t<\/div>\n\t\t<\/div>\n\t\t\t\t\t<\/div>\n\t\t<\/section>\n\t\t\t\t<\/div>\n\t\t","protected":false},"excerpt":{"rendered":"<p>DERECHO ADMINISTRATIVO Administrativo, un \u00e1rea crucial que regula la relaci\u00f3n entre las entidades p\u00fablicas y los ciudadanos. Entendemos que navegar [&hellip;]<\/p>\n","protected":false},"author":1,"featured_media":0,"parent":0,"menu_order":0,"comment_status":"closed","ping_status":"closed","template":"","meta":{"site-sidebar-layout":"no-sidebar","site-content-layout":"","ast-site-content-layout":"full-width-container","site-content-style":"default","site-sidebar-style":"default","ast-global-header-display":"","ast-banner-title-visibility":"","ast-main-header-display":"","ast-hfb-above-header-display":"","ast-hfb-below-header-display":"","ast-hfb-mobile-header-display":"","site-post-title":"disabled","ast-breadcrumbs-content":"","ast-featured-img":"disabled","footer-sml-layout":"","theme-transparent-header-meta":"","adv-header-id-meta":"","stick-header-meta":"","header-above-stick-meta":"","header-main-stick-meta":"","header-below-stick-meta":"","astra-migrate-meta-layouts":"default","ast-page-background-enabled":"default","ast-page-background-meta":{"desktop":{"background-color":"var(--ast-global-color-4)","background-image":"","background-repeat":"repeat","background-position":"center center","background-size":"auto","background-attachment":"scroll","background-type":"","background-media":"","overlay-type":"","overlay-color":"","overlay-opacity":"","overlay-gradient":""},"tablet":{"background-color":"","background-image":"","background-repeat":"repeat","background-position":"center center","background-size":"auto","background-attachment":"scroll","background-type":"","background-media":"","overlay-type":"","overlay-color":"","overlay-opacity":"","overlay-gradient":""},"mobile":{"background-color":"","background-image":"","background-repeat":"repeat","background-position":"center center","background-size":"auto","background-attachment":"scroll","background-type":"","background-media":"","overlay-type":"","overlay-color":"","overlay-opacity":"","overlay-gradient":""}},"ast-content-background-meta":{"desktop":{"background-color":"var(--ast-global-color-5)","background-image":"","background-repeat":"repeat","background-position":"center center","background-size":"auto","background-attachment":"scroll","background-type":"","background-media":"","overlay-type":"","overlay-color":"","overlay-opacity":"","overlay-gradient":""},"tablet":{"background-color":"var(--ast-global-color-5)","background-image":"","background-repeat":"repeat","background-position":"center center","background-size":"auto","background-attachment":"scroll","background-type":"","background-media":"","overlay-type":"","overlay-color":"","overlay-opacity":"","overlay-gradient":""},"mobile":{"background-color":"var(--ast-global-color-5)","background-image":"","background-repeat":"repeat","background-position":"center center","background-size":"auto","background-attachment":"scroll","background-type":"","background-media":"","overlay-type":"","overlay-color":"","overlay-opacity":"","overlay-gradient":""}},"_joinchat":[],"footnotes":""},"class_list":["post-1776","page","type-page","status-publish","hentry"],"yoast_head":"<!-- This site is optimized with the Yoast SEO plugin v24.1 - https:\/\/yoast.com\/wordpress\/plugins\/seo\/ -->\n<title>Derecho Administrativo - Tu aliado legal en cada paso<\/title>\n<meta name=\"robots\" content=\"index, follow, max-snippet:-1, max-image-preview:large, max-video-preview:-1\" \/>\n<link rel=\"canonical\" href=\"https:\/\/bossio-lawyers.com\/index.php\/derecho-administrativo\/\" \/>\n<meta property=\"og:locale\" content=\"es_ES\" \/>\n<meta property=\"og:type\" content=\"article\" \/>\n<meta property=\"og:title\" content=\"Derecho Administrativo - Tu aliado legal en cada paso\" \/>\n<meta property=\"og:description\" content=\"DERECHO ADMINISTRATIVO Administrativo, un \u00e1rea crucial que regula la relaci\u00f3n entre las entidades p\u00fablicas y los ciudadanos. Entendemos que navegar [&hellip;]\" \/>\n<meta property=\"og:url\" content=\"https:\/\/bossio-lawyers.com\/index.php\/derecho-administrativo\/\" \/>\n<meta property=\"og:site_name\" content=\"Tu aliado legal en cada paso\" \/>\n<meta property=\"article:modified_time\" content=\"2024-12-26T15:31:38+00:00\" \/>\n<meta name=\"twitter:card\" content=\"summary_large_image\" \/>\n<meta name=\"twitter:label1\" content=\"Tiempo de lectura\" \/>\n\t<meta name=\"twitter:data1\" content=\"2 minutos\" \/>\n<script type=\"application\/ld+json\" class=\"yoast-schema-graph\">{\"@context\":\"https:\/\/schema.org\",\"@graph\":[{\"@type\":\"WebPage\",\"@id\":\"https:\/\/bossio-lawyers.com\/index.php\/derecho-administrativo\/\",\"url\":\"https:\/\/bossio-lawyers.com\/index.php\/derecho-administrativo\/\",\"name\":\"Derecho Administrativo - Tu aliado legal en cada paso\",\"isPartOf\":{\"@id\":\"https:\/\/bossio-lawyers.com\/#website\"},\"datePublished\":\"2024-12-24T19:07:44+00:00\",\"dateModified\":\"2024-12-26T15:31:38+00:00\",\"breadcrumb\":{\"@id\":\"https:\/\/bossio-lawyers.com\/index.php\/derecho-administrativo\/#breadcrumb\"},\"inLanguage\":\"es\",\"potentialAction\":[{\"@type\":\"ReadAction\",\"target\":[\"https:\/\/bossio-lawyers.com\/index.php\/derecho-administrativo\/\"]}]},{\"@type\":\"BreadcrumbList\",\"@id\":\"https:\/\/bossio-lawyers.com\/index.php\/derecho-administrativo\/#breadcrumb\",\"itemListElement\":[{\"@type\":\"ListItem\",\"position\":1,\"name\":\"Portada\",\"item\":\"https:\/\/bossio-lawyers.com\/\"},{\"@type\":\"ListItem\",\"position\":2,\"name\":\"Derecho Administrativo\"}]},{\"@type\":\"WebSite\",\"@id\":\"https:\/\/bossio-lawyers.com\/#website\",\"url\":\"https:\/\/bossio-lawyers.com\/\",\"name\":\"Bossio Lawyer\",\"description\":\"\",\"publisher\":{\"@id\":\"https:\/\/bossio-lawyers.com\/#organization\"},\"potentialAction\":[{\"@type\":\"SearchAction\",\"target\":{\"@type\":\"EntryPoint\",\"urlTemplate\":\"https:\/\/bossio-lawyers.com\/?s={search_term_string}\"},\"query-input\":{\"@type\":\"PropertyValueSpecification\",\"valueRequired\":true,\"valueName\":\"search_term_string\"}}],\"inLanguage\":\"es\"},{\"@type\":\"Organization\",\"@id\":\"https:\/\/bossio-lawyers.com\/#organization\",\"name\":\"Tu aliado legal en cada paso\",\"url\":\"https:\/\/bossio-lawyers.com\/\",\"logo\":{\"@type\":\"ImageObject\",\"inLanguage\":\"es\",\"@id\":\"https:\/\/bossio-lawyers.com\/#\/schema\/logo\/image\/\",\"url\":\"https:\/\/bossio-lawyers.com\/wp-content\/uploads\/2024\/08\/Horizontal-Dorado-Bossio.png\",\"contentUrl\":\"https:\/\/bossio-lawyers.com\/wp-content\/uploads\/2024\/08\/Horizontal-Dorado-Bossio.png\",\"width\":1430,\"height\":737,\"caption\":\"Tu aliado legal en cada paso\"},\"image\":{\"@id\":\"https:\/\/bossio-lawyers.com\/#\/schema\/logo\/image\/\"}}]}<\/script>\n<!-- \/ Yoast SEO plugin. -->","yoast_head_json":{"title":"Derecho Administrativo - Tu aliado legal en cada paso","robots":{"index":"index","follow":"follow","max-snippet":"max-snippet:-1","max-image-preview":"max-image-preview:large","max-video-preview":"max-video-preview:-1"},"canonical":"https:\/\/bossio-lawyers.com\/index.php\/derecho-administrativo\/","og_locale":"es_ES","og_type":"article","og_title":"Derecho Administrativo - Tu aliado legal en cada paso","og_description":"DERECHO ADMINISTRATIVO Administrativo, un \u00e1rea crucial que regula la relaci\u00f3n entre las entidades p\u00fablicas y los ciudadanos. Entendemos que navegar [&hellip;]","og_url":"https:\/\/bossio-lawyers.com\/index.php\/derecho-administrativo\/","og_site_name":"Tu aliado legal en cada paso","article_modified_time":"2024-12-26T15:31:38+00:00","twitter_card":"summary_large_image","twitter_misc":{"Tiempo de lectura":"2 minutos"},"schema":{"@context":"https:\/\/schema.org","@graph":[{"@type":"WebPage","@id":"https:\/\/bossio-lawyers.com\/index.php\/derecho-administrativo\/","url":"https:\/\/bossio-lawyers.com\/index.php\/derecho-administrativo\/","name":"Derecho Administrativo - Tu aliado legal en cada paso","isPartOf":{"@id":"https:\/\/bossio-lawyers.com\/#website"},"datePublished":"2024-12-24T19:07:44+00:00","dateModified":"2024-12-26T15:31:38+00:00","breadcrumb":{"@id":"https:\/\/bossio-lawyers.com\/index.php\/derecho-administrativo\/#breadcrumb"},"inLanguage":"es","potentialAction":[{"@type":"ReadAction","target":["https:\/\/bossio-lawyers.com\/index.php\/derecho-administrativo\/"]}]},{"@type":"BreadcrumbList","@id":"https:\/\/bossio-lawyers.com\/index.php\/derecho-administrativo\/#breadcrumb","itemListElement":[{"@type":"ListItem","position":1,"name":"Portada","item":"https:\/\/bossio-lawyers.com\/"},{"@type":"ListItem","position":2,"name":"Derecho Administrativo"}]},{"@type":"WebSite","@id":"https:\/\/bossio-lawyers.com\/#website","url":"https:\/\/bossio-lawyers.com\/","name":"Bossio Lawyer","description":"","publisher":{"@id":"https:\/\/bossio-lawyers.com\/#organization"},"potentialAction":[{"@type":"SearchAction","target":{"@type":"EntryPoint","urlTemplate":"https:\/\/bossio-lawyers.com\/?s={search_term_string}"},"query-input":{"@type":"PropertyValueSpecification","valueRequired":true,"valueName":"search_term_string"}}],"inLanguage":"es"},{"@type":"Organization","@id":"https:\/\/bossio-lawyers.com\/#organization","name":"Tu aliado legal en cada paso","url":"https:\/\/bossio-lawyers.com\/","logo":{"@type":"ImageObject","inLanguage":"es","@id":"https:\/\/bossio-lawyers.com\/#\/schema\/logo\/image\/","url":"https:\/\/bossio-lawyers.com\/wp-content\/uploads\/2024\/08\/Horizontal-Dorado-Bossio.png","contentUrl":"https:\/\/bossio-lawyers.com\/wp-content\/uploads\/2024\/08\/Horizontal-Dorado-Bossio.png","width":1430,"height":737,"caption":"Tu aliado legal en cada paso"},"image":{"@id":"https:\/\/bossio-lawyers.com\/#\/schema\/logo\/image\/"}}]}},"_links":{"self":[{"href":"https:\/\/bossio-lawyers.com\/index.php\/wp-json\/wp\/v2\/pages\/1776","targetHints":{"allow":["GET"]}}],"collection":[{"href":"https:\/\/bossio-lawyers.com\/index.php\/wp-json\/wp\/v2\/pages"}],"about":[{"href":"https:\/\/bossio-lawyers.com\/index.php\/wp-json\/wp\/v2\/types\/page"}],"author":[{"embeddable":true,"href":"https:\/\/bossio-lawyers.com\/index.php\/wp-json\/wp\/v2\/users\/1"}],"replies":[{"embeddable":true,"href":"https:\/\/bossio-lawyers.com\/index.php\/wp-json\/wp\/v2\/comments?post=1776"}],"version-history":[{"count":10,"href":"https:\/\/bossio-lawyers.com\/index.php\/wp-json\/wp\/v2\/pages\/1776\/revisions"}],"predecessor-version":[{"id":1915,"href":"https:\/\/bossio-lawyers.com\/index.php\/wp-json\/wp\/v2\/pages\/1776\/revisions\/1915"}],"wp:attachment":[{"href":"https:\/\/bossio-lawyers.com\/index.php\/wp-json\/wp\/v2\/media?parent=1776"}],"curies":[{"name":"wp","href":"https:\/\/api.w.org\/{rel}","templated":true}]}}